{"id":232602,"date":"2021-04-30T00:20:44","date_gmt":"2021-04-30T05:20:44","guid":{"rendered":"https:\/\/www.almacenflotablanca.com\/web\/producto\/disco-olimpico-15-kg-2-con-agarre-sport-fitness-negro\/"},"modified":"2026-04-15T16:11:04","modified_gmt":"2026-04-15T21:11:04","slug":"disco-olimpico-15-kg-2-con-agarre-sport-fitness-negro","status":"publish","type":"product","link":"https:\/\/www.almacenflotablanca.com\/web\/producto\/disco-olimpico-15-kg-2-con-agarre-sport-fitness-negro\/","title":{"rendered":"Disco Ol\u00edmpico 15 Kg 2&#8243; Con Agarre Sport Fitness Negro"},"content":{"rendered":"<p>Disco Ol\u00edmpico 15 Kg 2&#8243; Con Agarre Sport Fitness Negro, este disco cuenta con cuatro agarres para hacer de tus ejercicios algo mas Funcional, el material del que est\u00e1 hecho es de hierro cristalizado que no se puede soltar al piso porque se puede fragmentar, est\u00e1 dise\u00f1ado para barras Ol\u00edmpicas con un di\u00e1metro de barra de 2 Pulgadas, Sport Fitness es una marca colombiana que est\u00e1 lazando muy buenos productos para hacer ejercicio.<\/p>\n","protected":false},"excerpt":{"rendered":"<p>Disco Ol\u00edmpico 15 Kg 2&#8243; Con Agarre Sport Fitness Negro, este disco cuenta con cuatro agarres para hacer de tus ejercicios algo mas Funcional, el material del que est\u00e1 hecho es de hierro cristalizado que no se puede soltar al piso porque se puede fragmentar, est\u00e1 dise\u00f1ado para barras Ol\u00edmpicas con un di\u00e1metro de barra [&hellip;]<\/p>\n","protected":false},"featured_media":232601,"template":"","meta":{"_et_pb_use_builder":"","_et_pb_old_content":"","_et_gb_content_width":""},"product_brand":[],"product_cat":[146,135],"product_tag":[],"class_list":{"0":"post-232602","1":"product","2":"type-product","3":"status-publish","4":"has-post-thumbnail","6":"product_cat-discos","7":"product_cat-fuerza","9":"first","10":"instock","11":"taxable","12":"shipping-taxable","13":"purchasable","14":"product-type-simple"},"_links":{"self":[{"href":"https:\/\/www.almacenflotablanca.com\/web\/wp-json\/wp\/v2\/product\/232602","targetHints":{"allow":["GET"]}}],"collection":[{"href":"https:\/\/www.almacenflotablanca.com\/web\/wp-json\/wp\/v2\/product"}],"about":[{"href":"https:\/\/www.almacenflotablanca.com\/web\/wp-json\/wp\/v2\/types\/product"}],"wp:featuredmedia":[{"embeddable":true,"href":"https:\/\/www.almacenflotablanca.com\/web\/wp-json\/wp\/v2\/media\/232601"}],"wp:attachment":[{"href":"https:\/\/www.almacenflotablanca.com\/web\/wp-json\/wp\/v2\/media?parent=232602"}],"wp:term":[{"taxonomy":"product_brand","embeddable":true,"href":"https:\/\/www.almacenflotablanca.com\/web\/wp-json\/wp\/v2\/product_brand?post=232602"},{"taxonomy":"product_cat","embeddable":true,"href":"https:\/\/www.almacenflotablanca.com\/web\/wp-json\/wp\/v2\/product_cat?post=232602"},{"taxonomy":"product_tag","embeddable":true,"href":"https:\/\/www.almacenflotablanca.com\/web\/wp-json\/wp\/v2\/product_tag?post=232602"}],"curies":[{"name":"wp","href":"https:\/\/api.w.org\/{rel}","templated":true}]}}