{"id":232634,"date":"2021-05-03T01:42:08","date_gmt":"2021-05-03T06:42:08","guid":{"rendered":"https:\/\/www.almacenflotablanca.com\/web\/producto\/soporte-caramanola-aluminio-gw-negro\/"},"modified":"2026-04-15T16:11:38","modified_gmt":"2026-04-15T21:11:38","slug":"soporte-caramanola-aluminio-gw-negro","status":"publish","type":"product","link":"https:\/\/www.almacenflotablanca.com\/web\/producto\/soporte-caramanola-aluminio-gw-negro\/","title":{"rendered":"Soporte Carama\u00f1ola Aluminio Gw Negro"},"content":{"rendered":"<p>Soporte Carama\u00f1ola Aluminio Gw Negro, \u00fatil para bicicletas sin soporte o inadecuadas para un soporte de marco, su dise\u00f1o Simple y pr\u00e1ctico estructura resistente, evita da\u00f1os por deformaciones Bisagra con agarre fuerte, fije el soporte firmemente. Apto para bicicletas variadas, incluidas bicicletas de monta\u00f1a y bicicletas plegables.<\/p>\n","protected":false},"excerpt":{"rendered":"<p>Soporte Carama\u00f1ola Aluminio Gw Negro, \u00fatil para bicicletas sin soporte o inadecuadas para un soporte de marco, su dise\u00f1o Simple y pr\u00e1ctico estructura resistente, evita da\u00f1os por deformaciones Bisagra con agarre fuerte, fije el soporte firmemente. Apto para bicicletas variadas, incluidas bicicletas de monta\u00f1a y bicicletas plegables.<\/p>\n","protected":false},"featured_media":232633,"template":"","meta":{"_et_pb_use_builder":"","_et_pb_old_content":"","_et_gb_content_width":""},"product_brand":[],"product_cat":[15],"product_tag":[],"class_list":{"0":"post-232634","1":"product","2":"type-product","3":"status-publish","4":"has-post-thumbnail","6":"product_cat-productos","8":"first","9":"instock","10":"taxable","11":"shipping-taxable","12":"purchasable","13":"product-type-simple"},"_links":{"self":[{"href":"https:\/\/www.almacenflotablanca.com\/web\/wp-json\/wp\/v2\/product\/232634","targetHints":{"allow":["GET"]}}],"collection":[{"href":"https:\/\/www.almacenflotablanca.com\/web\/wp-json\/wp\/v2\/product"}],"about":[{"href":"https:\/\/www.almacenflotablanca.com\/web\/wp-json\/wp\/v2\/types\/product"}],"wp:featuredmedia":[{"embeddable":true,"href":"https:\/\/www.almacenflotablanca.com\/web\/wp-json\/wp\/v2\/media\/232633"}],"wp:attachment":[{"href":"https:\/\/www.almacenflotablanca.com\/web\/wp-json\/wp\/v2\/media?parent=232634"}],"wp:term":[{"taxonomy":"product_brand","embeddable":true,"href":"https:\/\/www.almacenflotablanca.com\/web\/wp-json\/wp\/v2\/product_brand?post=232634"},{"taxonomy":"product_cat","embeddable":true,"href":"https:\/\/www.almacenflotablanca.com\/web\/wp-json\/wp\/v2\/product_cat?post=232634"},{"taxonomy":"product_tag","embeddable":true,"href":"https:\/\/www.almacenflotablanca.com\/web\/wp-json\/wp\/v2\/product_tag?post=232634"}],"curies":[{"name":"wp","href":"https:\/\/api.w.org\/{rel}","templated":true}]}}