{"id":232636,"date":"2021-05-03T16:57:15","date_gmt":"2021-05-03T21:57:15","guid":{"rendered":"https:\/\/www.almacenflotablanca.com\/web\/producto\/soporte-wiiz-plastico-zefal-negro\/"},"modified":"2026-04-15T16:12:13","modified_gmt":"2026-04-15T21:12:13","slug":"soporte-wiiz-plastico-zefal-negro","status":"publish","type":"product","link":"https:\/\/www.almacenflotablanca.com\/web\/producto\/soporte-wiiz-plastico-zefal-negro\/","title":{"rendered":"Soporte Wiiz Pl\u00e1stico Zefal Negro"},"content":{"rendered":"<p>Soporte Wiiz Pl\u00e1stico Lateral Zefal Negro, Porta-bid\u00f3n de introducci\u00f3n lateral para todos los tipos de cuadro. Su originalidad viene de su introducci\u00f3n lateral para todos los tipos de cuadro. Su originalidad viene de su reversibilidad, el bid\u00f3n puede salir por la derecha o por la izquierda seg\u00fan la instalaci\u00f3n. Material resistente y el\u00e1stico.<\/p>\n","protected":false},"excerpt":{"rendered":"<p>Soporte Wiiz Pl\u00e1stico Lateral Zefal Negro, Porta-bid\u00f3n de introducci\u00f3n lateral para todos los tipos de cuadro. Su originalidad viene de su introducci\u00f3n lateral para todos los tipos de cuadro. Su originalidad viene de su reversibilidad, el bid\u00f3n puede salir por la derecha o por la izquierda seg\u00fan la instalaci\u00f3n. Material resistente y el\u00e1stico.<\/p>\n","protected":false},"featured_media":232635,"template":"","meta":{"_et_pb_use_builder":"","_et_pb_old_content":"","_et_gb_content_width":""},"product_brand":[],"product_cat":[15],"product_tag":[],"class_list":{"0":"post-232636","1":"product","2":"type-product","3":"status-publish","4":"has-post-thumbnail","6":"product_cat-productos","8":"first","9":"instock","10":"taxable","11":"shipping-taxable","12":"purchasable","13":"product-type-simple"},"_links":{"self":[{"href":"https:\/\/www.almacenflotablanca.com\/web\/wp-json\/wp\/v2\/product\/232636","targetHints":{"allow":["GET"]}}],"collection":[{"href":"https:\/\/www.almacenflotablanca.com\/web\/wp-json\/wp\/v2\/product"}],"about":[{"href":"https:\/\/www.almacenflotablanca.com\/web\/wp-json\/wp\/v2\/types\/product"}],"wp:featuredmedia":[{"embeddable":true,"href":"https:\/\/www.almacenflotablanca.com\/web\/wp-json\/wp\/v2\/media\/232635"}],"wp:attachment":[{"href":"https:\/\/www.almacenflotablanca.com\/web\/wp-json\/wp\/v2\/media?parent=232636"}],"wp:term":[{"taxonomy":"product_brand","embeddable":true,"href":"https:\/\/www.almacenflotablanca.com\/web\/wp-json\/wp\/v2\/product_brand?post=232636"},{"taxonomy":"product_cat","embeddable":true,"href":"https:\/\/www.almacenflotablanca.com\/web\/wp-json\/wp\/v2\/product_cat?post=232636"},{"taxonomy":"product_tag","embeddable":true,"href":"https:\/\/www.almacenflotablanca.com\/web\/wp-json\/wp\/v2\/product_tag?post=232636"}],"curies":[{"name":"wp","href":"https:\/\/api.w.org\/{rel}","templated":true}]}}