{"id":232671,"date":"2021-05-10T15:51:20","date_gmt":"2021-05-10T20:51:20","guid":{"rendered":"https:\/\/www.almacenflotablanca.com\/web\/producto\/bicicleta-tracking-piranha-negra\/"},"modified":"2026-04-15T16:11:32","modified_gmt":"2026-04-15T21:11:32","slug":"bicicleta-tracking-piranha-negra","status":"publish","type":"product","link":"https:\/\/www.almacenflotablanca.com\/web\/producto\/bicicleta-tracking-piranha-negra\/","title":{"rendered":"Bicicleta Tracking Piranha Negra"},"content":{"rendered":"<p>Bicicleta Tracking Piranha Negra, marco hidroformado en aluminio con mordazas para freno de disco internas. Frente c\u00f3nico de competencia soldadura de frente tipo carbono, cajas de direcci\u00f3n neco. Cableado interno tenedor de de bloqueo con hombro en aluminio. Freno de disco hidr\u00e1ulico LOGAN palancas integradas de 8, SHIMANO es decir 24 velocidades. riplato Shimano Altus. Poste de sill\u00edn aluminio. Sill\u00edn MTB, manubrio aluminio cadenilla en aluminio Shimano pedales aluminio las llantas labrado mixto rin 29. Rines: Doble Pared en Aluminio. Llantas: MTB Labrado Mixto frenos: Disco mec\u00e1nico componente: Gw, sill\u00edn: Gw MTB. alligator rin 29 shimano 8 vel. Palancas integradas suspensi\u00f3n bloqueo, ca\u00f1a de Sill\u00edn: Gw en Aluminio, abrazadera: Gw en aluminio.<\/p>\n","protected":false},"excerpt":{"rendered":"<ul>\n<li>&#8211; Manubrio en aluminio<\/li>\n<li>&#8211; Ca\u00f1a en aluminio<\/li>\n<li>&#8211; Poste y abrazadera de sill\u00edn en aluminio<\/li>\n<li>&#8211; Manzanas en aluminio<\/li>\n<li>&#8211; Triplato en aluminio SHIMANO<\/li>\n<\/ul>\n","protected":false},"featured_media":232667,"template":"","meta":{"_et_pb_use_builder":"","_et_pb_old_content":"","_et_gb_content_width":""},"product_brand":[],"product_cat":[74,138],"product_tag":[],"class_list":{"0":"post-232671","1":"product","2":"type-product","3":"status-publish","4":"has-post-thumbnail","6":"product_cat-bicicletas","7":"product_cat-bicicletas-de-montana","9":"first","10":"instock","11":"taxable","12":"shipping-taxable","13":"purchasable","14":"product-type-simple"},"_links":{"self":[{"href":"https:\/\/www.almacenflotablanca.com\/web\/wp-json\/wp\/v2\/product\/232671","targetHints":{"allow":["GET"]}}],"collection":[{"href":"https:\/\/www.almacenflotablanca.com\/web\/wp-json\/wp\/v2\/product"}],"about":[{"href":"https:\/\/www.almacenflotablanca.com\/web\/wp-json\/wp\/v2\/types\/product"}],"wp:featuredmedia":[{"embeddable":true,"href":"https:\/\/www.almacenflotablanca.com\/web\/wp-json\/wp\/v2\/media\/232667"}],"wp:attachment":[{"href":"https:\/\/www.almacenflotablanca.com\/web\/wp-json\/wp\/v2\/media?parent=232671"}],"wp:term":[{"taxonomy":"product_brand","embeddable":true,"href":"https:\/\/www.almacenflotablanca.com\/web\/wp-json\/wp\/v2\/product_brand?post=232671"},{"taxonomy":"product_cat","embeddable":true,"href":"https:\/\/www.almacenflotablanca.com\/web\/wp-json\/wp\/v2\/product_cat?post=232671"},{"taxonomy":"product_tag","embeddable":true,"href":"https:\/\/www.almacenflotablanca.com\/web\/wp-json\/wp\/v2\/product_tag?post=232671"}],"curies":[{"name":"wp","href":"https:\/\/api.w.org\/{rel}","templated":true}]}}