{"id":232690,"date":"2021-05-11T16:21:14","date_gmt":"2021-05-11T21:21:14","guid":{"rendered":"https:\/\/www.almacenflotablanca.com\/web\/producto\/luz-trasera-60-lumen-gw-negro\/"},"modified":"2026-04-15T16:11:57","modified_gmt":"2026-04-15T21:11:57","slug":"luz-trasera-ebl-3286-led-60-gw","status":"publish","type":"product","link":"https:\/\/www.almacenflotablanca.com\/web\/producto\/luz-trasera-ebl-3286-led-60-gw\/","title":{"rendered":"LUZ TRASERA EBL-3286 LED 60 GW"},"content":{"rendered":"<p>Luz trasera para bicicleta, cobertura en aluminio, cinta led de bajo consumo, 3 modos: Alto, Medio y Bajo, indicador de bater\u00eda baja, dise\u00f1o de estructura impermeable, tiempo de carga 2 horas por cable USB el cual viene incluido, sistema de fijaci\u00f3n con abrazadera en caucho y base que permite rotar la posici\u00f3n.<\/p>\n<p>Edad recomendada NA<\/p>\n","protected":false},"excerpt":{"rendered":"<p>Luz trasera para bicicleta, cobertura en aluminio, cinta led de bajo consumo, 3 modos: Alto, Medio y Bajo, indicador de bater\u00eda baja, dise\u00f1o de estructura impermeable, tiempo de carga 2 horas por cable USB el cual viene incluido, sistema de fijaci\u00f3n con abrazadera en caucho y base que permite rotar la posici\u00f3n. Edad recomendada NA<\/p>\n","protected":false},"featured_media":237642,"template":"","meta":{"_et_pb_use_builder":"","_et_pb_old_content":"","_et_gb_content_width":""},"product_brand":[],"product_cat":[53,159],"product_tag":[],"class_list":{"0":"post-232690","1":"product","2":"type-product","3":"status-publish","4":"has-post-thumbnail","6":"product_cat-accesorios-deportivos","7":"product_cat-agilidad","9":"first","10":"instock","11":"taxable","12":"shipping-taxable","13":"purchasable","14":"product-type-simple"},"_links":{"self":[{"href":"https:\/\/www.almacenflotablanca.com\/web\/wp-json\/wp\/v2\/product\/232690","targetHints":{"allow":["GET"]}}],"collection":[{"href":"https:\/\/www.almacenflotablanca.com\/web\/wp-json\/wp\/v2\/product"}],"about":[{"href":"https:\/\/www.almacenflotablanca.com\/web\/wp-json\/wp\/v2\/types\/product"}],"wp:featuredmedia":[{"embeddable":true,"href":"https:\/\/www.almacenflotablanca.com\/web\/wp-json\/wp\/v2\/media\/237642"}],"wp:attachment":[{"href":"https:\/\/www.almacenflotablanca.com\/web\/wp-json\/wp\/v2\/media?parent=232690"}],"wp:term":[{"taxonomy":"product_brand","embeddable":true,"href":"https:\/\/www.almacenflotablanca.com\/web\/wp-json\/wp\/v2\/product_brand?post=232690"},{"taxonomy":"product_cat","embeddable":true,"href":"https:\/\/www.almacenflotablanca.com\/web\/wp-json\/wp\/v2\/product_cat?post=232690"},{"taxonomy":"product_tag","embeddable":true,"href":"https:\/\/www.almacenflotablanca.com\/web\/wp-json\/wp\/v2\/product_tag?post=232690"}],"curies":[{"name":"wp","href":"https:\/\/api.w.org\/{rel}","templated":true}]}}