{"id":232708,"date":"2021-05-13T13:49:23","date_gmt":"2021-05-13T18:49:23","guid":{"rendered":"https:\/\/www.almacenflotablanca.com\/web\/producto\/ciclocomputador-velo-7-con-cable-cateye-negro\/"},"modified":"2026-04-15T16:11:51","modified_gmt":"2026-04-15T21:11:51","slug":"ciclocomputador-velo-7-con-cable-cateye-negro","status":"publish","type":"product","link":"https:\/\/www.almacenflotablanca.com\/web\/producto\/ciclocomputador-velo-7-con-cable-cateye-negro\/","title":{"rendered":"Ciclocomputador Velo 7 Con Cable Cateye Negro"},"content":{"rendered":"<p>Ciclocomputador Velo 7 Con Cable Cateye Negro, el nuevo dise\u00f1o de Velo 7 es la computadora de nivel b\u00e1sico de CatEye. La nueva pantalla grande es f\u00e1cil de leer y el ajuste es mucho m\u00e1s f\u00e1cil gracias a los tama\u00f1os de neum\u00e1ticos preestablecidos. Adem\u00e1s de las funciones b\u00e1sicas de velocidad actual y m\u00e1xima, distancia diaria y kil\u00f3metros totales, tambi\u00e9n se incluyen la velocidad media y el tiempo de conducci\u00f3n.<\/p>\n","protected":false},"excerpt":{"rendered":"<p>Ciclocomputador Velo 7 Con Cable Cateye Negro, el nuevo dise\u00f1o de Velo 7 es la computadora de nivel b\u00e1sico de CatEye. La nueva pantalla grande es f\u00e1cil de leer y el ajuste es mucho m\u00e1s f\u00e1cil gracias a los tama\u00f1os de neum\u00e1ticos preestablecidos. Adem\u00e1s de las funciones b\u00e1sicas de velocidad actual y m\u00e1xima, distancia diaria [&hellip;]<\/p>\n","protected":false},"featured_media":232707,"template":"","meta":{"_et_pb_use_builder":"","_et_pb_old_content":"","_et_gb_content_width":""},"product_brand":[],"product_cat":[15],"product_tag":[],"class_list":{"0":"post-232708","1":"product","2":"type-product","3":"status-publish","4":"has-post-thumbnail","6":"product_cat-productos","8":"first","9":"instock","10":"taxable","11":"shipping-taxable","12":"purchasable","13":"product-type-simple"},"_links":{"self":[{"href":"https:\/\/www.almacenflotablanca.com\/web\/wp-json\/wp\/v2\/product\/232708","targetHints":{"allow":["GET"]}}],"collection":[{"href":"https:\/\/www.almacenflotablanca.com\/web\/wp-json\/wp\/v2\/product"}],"about":[{"href":"https:\/\/www.almacenflotablanca.com\/web\/wp-json\/wp\/v2\/types\/product"}],"wp:featuredmedia":[{"embeddable":true,"href":"https:\/\/www.almacenflotablanca.com\/web\/wp-json\/wp\/v2\/media\/232707"}],"wp:attachment":[{"href":"https:\/\/www.almacenflotablanca.com\/web\/wp-json\/wp\/v2\/media?parent=232708"}],"wp:term":[{"taxonomy":"product_brand","embeddable":true,"href":"https:\/\/www.almacenflotablanca.com\/web\/wp-json\/wp\/v2\/product_brand?post=232708"},{"taxonomy":"product_cat","embeddable":true,"href":"https:\/\/www.almacenflotablanca.com\/web\/wp-json\/wp\/v2\/product_cat?post=232708"},{"taxonomy":"product_tag","embeddable":true,"href":"https:\/\/www.almacenflotablanca.com\/web\/wp-json\/wp\/v2\/product_tag?post=232708"}],"curies":[{"name":"wp","href":"https:\/\/api.w.org\/{rel}","templated":true}]}}