{"id":232710,"date":"2021-05-13T14:18:56","date_gmt":"2021-05-13T19:18:56","guid":{"rendered":"https:\/\/www.almacenflotablanca.com\/web\/producto\/ciclocomputador-velo-9-alambrico-cateye-negro\/"},"modified":"2026-04-15T16:11:51","modified_gmt":"2026-04-15T21:11:51","slug":"ciclocomputador-velo-9-alambrico-cateye-negro","status":"publish","type":"product","link":"https:\/\/www.almacenflotablanca.com\/web\/producto\/ciclocomputador-velo-9-alambrico-cateye-negro\/","title":{"rendered":"Ciclocomputador Velo 9 Al\u00e1mbrico Cateye Negro"},"content":{"rendered":"<p>Ciclocomputador Velo 9 Al\u00e1mbrico Cateye Negro, el velo de nuevo dise\u00f1o tiene 9 funciones. La nueva pantalla, m\u00e1s grande es a\u00fan m\u00e1s f\u00e1cil de leer y configurar, se hace sencillo con tama\u00f1os pre-programados de neum\u00e1ticos. Tiene las funciones m\u00e1s \u00fatiles y necesarias: velocidad actual, velocidad media, velocidad m\u00e1xima, distancia de viaje \/ total, consumo de calor\u00edas, reloj y compensaci\u00f3n de carbono. Duraci\u00f3n de la bater\u00eda: aproximadamente 3 a\u00f1os (uso de 1 hora por d\u00eda, puede variar seg\u00fan el entorno.)<\/p>\n","protected":false},"excerpt":{"rendered":"<p>Ciclocomputador Velo 9 Al\u00e1mbrico Cateye Negro, el velo de nuevo dise\u00f1o tiene 9 funciones. La nueva pantalla, m\u00e1s grande es a\u00fan m\u00e1s f\u00e1cil de leer y configurar, se hace sencillo con tama\u00f1os pre-programados de neum\u00e1ticos. Tiene las funciones m\u00e1s \u00fatiles y necesarias: velocidad actual, velocidad media, velocidad m\u00e1xima, distancia de viaje \/ total, consumo de [&hellip;]<\/p>\n","protected":false},"featured_media":232709,"template":"","meta":{"_et_pb_use_builder":"","_et_pb_old_content":"","_et_gb_content_width":""},"product_brand":[],"product_cat":[15],"product_tag":[],"class_list":{"0":"post-232710","1":"product","2":"type-product","3":"status-publish","4":"has-post-thumbnail","6":"product_cat-productos","8":"first","9":"instock","10":"taxable","11":"shipping-taxable","12":"purchasable","13":"product-type-simple"},"_links":{"self":[{"href":"https:\/\/www.almacenflotablanca.com\/web\/wp-json\/wp\/v2\/product\/232710","targetHints":{"allow":["GET"]}}],"collection":[{"href":"https:\/\/www.almacenflotablanca.com\/web\/wp-json\/wp\/v2\/product"}],"about":[{"href":"https:\/\/www.almacenflotablanca.com\/web\/wp-json\/wp\/v2\/types\/product"}],"wp:featuredmedia":[{"embeddable":true,"href":"https:\/\/www.almacenflotablanca.com\/web\/wp-json\/wp\/v2\/media\/232709"}],"wp:attachment":[{"href":"https:\/\/www.almacenflotablanca.com\/web\/wp-json\/wp\/v2\/media?parent=232710"}],"wp:term":[{"taxonomy":"product_brand","embeddable":true,"href":"https:\/\/www.almacenflotablanca.com\/web\/wp-json\/wp\/v2\/product_brand?post=232710"},{"taxonomy":"product_cat","embeddable":true,"href":"https:\/\/www.almacenflotablanca.com\/web\/wp-json\/wp\/v2\/product_cat?post=232710"},{"taxonomy":"product_tag","embeddable":true,"href":"https:\/\/www.almacenflotablanca.com\/web\/wp-json\/wp\/v2\/product_tag?post=232710"}],"curies":[{"name":"wp","href":"https:\/\/api.w.org\/{rel}","templated":true}]}}