{"id":232712,"date":"2021-05-13T14:43:09","date_gmt":"2021-05-13T19:43:09","guid":{"rendered":"https:\/\/www.almacenflotablanca.com\/web\/producto\/extension-para-manubrio-cateye-negro\/"},"modified":"2026-04-15T16:11:38","modified_gmt":"2026-04-15T21:11:38","slug":"extension-para-manubrio-cateye-negro","status":"publish","type":"product","link":"https:\/\/www.almacenflotablanca.com\/web\/producto\/extension-para-manubrio-cateye-negro\/","title":{"rendered":"Extensi\u00f3n Para Manubrio Cateye Negro"},"content":{"rendered":"<p>Extensi\u00f3n Para Manubrio Cateye Negro, soporte frontal para cateye, se instala en el manubrio redondo de hasta 31.8 mm de di\u00e1metro, no funciona en plano u ovalados, funciona para la mayor\u00eda de ciclocomputadores cateye inalambricos. Compatible con computadoras inal\u00e1mbricas CatEye, excluidas las series V y Adventure.<\/p>\n","protected":false},"excerpt":{"rendered":"<p>Extensi\u00f3n Para Manubrio Cateye Negro, soporte frontal para cateye, se instala en el manubrio redondo de hasta 31.8 mm de di\u00e1metro, no funciona en plano u ovalados, funciona para la mayor\u00eda de ciclocomputadores cateye inalambricos. Compatible con computadoras inal\u00e1mbricas CatEye, excluidas las series V y Adventure.<\/p>\n","protected":false},"featured_media":232711,"template":"","meta":{"_et_pb_use_builder":"","_et_pb_old_content":"","_et_gb_content_width":""},"product_brand":[],"product_cat":[15,53],"product_tag":[],"class_list":{"0":"post-232712","1":"product","2":"type-product","3":"status-publish","4":"has-post-thumbnail","6":"product_cat-productos","7":"product_cat-accesorios-deportivos","9":"first","10":"instock","11":"taxable","12":"shipping-taxable","13":"purchasable","14":"product-type-simple"},"_links":{"self":[{"href":"https:\/\/www.almacenflotablanca.com\/web\/wp-json\/wp\/v2\/product\/232712","targetHints":{"allow":["GET"]}}],"collection":[{"href":"https:\/\/www.almacenflotablanca.com\/web\/wp-json\/wp\/v2\/product"}],"about":[{"href":"https:\/\/www.almacenflotablanca.com\/web\/wp-json\/wp\/v2\/types\/product"}],"wp:featuredmedia":[{"embeddable":true,"href":"https:\/\/www.almacenflotablanca.com\/web\/wp-json\/wp\/v2\/media\/232711"}],"wp:attachment":[{"href":"https:\/\/www.almacenflotablanca.com\/web\/wp-json\/wp\/v2\/media?parent=232712"}],"wp:term":[{"taxonomy":"product_brand","embeddable":true,"href":"https:\/\/www.almacenflotablanca.com\/web\/wp-json\/wp\/v2\/product_brand?post=232712"},{"taxonomy":"product_cat","embeddable":true,"href":"https:\/\/www.almacenflotablanca.com\/web\/wp-json\/wp\/v2\/product_cat?post=232712"},{"taxonomy":"product_tag","embeddable":true,"href":"https:\/\/www.almacenflotablanca.com\/web\/wp-json\/wp\/v2\/product_tag?post=232712"}],"curies":[{"name":"wp","href":"https:\/\/api.w.org\/{rel}","templated":true}]}}