{"id":232735,"date":"2021-05-25T18:46:39","date_gmt":"2021-05-25T23:46:39","guid":{"rendered":"https:\/\/www.almacenflotablanca.com\/web\/producto\/cadenilla-bicicleta-x11sl-11vel-kmc\/"},"modified":"2026-04-15T16:11:40","modified_gmt":"2026-04-15T21:11:40","slug":"cadenilla-bicicleta-x11sl-11vel-kmc","status":"publish","type":"product","link":"https:\/\/www.almacenflotablanca.com\/web\/producto\/cadenilla-bicicleta-x11sl-11vel-kmc\/","title":{"rendered":"Cadenilla Bicicleta X11sl 11vel Kmc"},"content":{"rendered":"<p>Cadenilla Bicicleta X11sl 11vel Kmc, Fuerza de acoplamiento alta para mejorar la resistencia al desgaste | experiencia y actualizaci\u00f3n con poco ruido. Tecnolog\u00eda de resistencia al desgaste SP Tecnolog\u00eda de remachado trenzado. Dise\u00f1o de \u00e1ngulo de gu\u00eda de cadena interior, dise\u00f1o del puente z tecnolog\u00eda de resistencia al desgaste SP.<\/p>\n","protected":false},"excerpt":{"rendered":"<ul>\n<li> &#8211; Cantidad de velocidades: 11 <\/li>\n<li> &#8211; N\u00famero de eslabones: 118 <\/li>\n<li> &#8211; Material: Acero <\/li>\n<li> &#8211; 1\/2 \u00abx11 \/ 128\u00bb | Aplicable: SHIMANO <\/li>\n<\/ul>\n","protected":false},"featured_media":232734,"template":"","meta":{"_et_pb_use_builder":"","_et_pb_old_content":"","_et_gb_content_width":""},"product_brand":[],"product_cat":[179,74],"product_tag":[],"class_list":{"0":"post-232735","1":"product","2":"type-product","3":"status-publish","4":"has-post-thumbnail","6":"product_cat-accesorios","7":"product_cat-bicicletas","9":"first","10":"instock","11":"taxable","12":"shipping-taxable","13":"purchasable","14":"product-type-simple"},"_links":{"self":[{"href":"https:\/\/www.almacenflotablanca.com\/web\/wp-json\/wp\/v2\/product\/232735","targetHints":{"allow":["GET"]}}],"collection":[{"href":"https:\/\/www.almacenflotablanca.com\/web\/wp-json\/wp\/v2\/product"}],"about":[{"href":"https:\/\/www.almacenflotablanca.com\/web\/wp-json\/wp\/v2\/types\/product"}],"wp:featuredmedia":[{"embeddable":true,"href":"https:\/\/www.almacenflotablanca.com\/web\/wp-json\/wp\/v2\/media\/232734"}],"wp:attachment":[{"href":"https:\/\/www.almacenflotablanca.com\/web\/wp-json\/wp\/v2\/media?parent=232735"}],"wp:term":[{"taxonomy":"product_brand","embeddable":true,"href":"https:\/\/www.almacenflotablanca.com\/web\/wp-json\/wp\/v2\/product_brand?post=232735"},{"taxonomy":"product_cat","embeddable":true,"href":"https:\/\/www.almacenflotablanca.com\/web\/wp-json\/wp\/v2\/product_cat?post=232735"},{"taxonomy":"product_tag","embeddable":true,"href":"https:\/\/www.almacenflotablanca.com\/web\/wp-json\/wp\/v2\/product_tag?post=232735"}],"curies":[{"name":"wp","href":"https:\/\/api.w.org\/{rel}","templated":true}]}}