{"id":232754,"date":"2021-05-27T15:42:40","date_gmt":"2021-05-27T20:42:40","guid":{"rendered":"https:\/\/www.almacenflotablanca.com\/web\/producto\/manubrio-timon-koryak-pro-negro\/"},"modified":"2026-04-15T16:11:46","modified_gmt":"2026-04-15T21:11:46","slug":"manubrio-timon-koryak-pro-negro","status":"publish","type":"product","link":"https:\/\/www.almacenflotablanca.com\/web\/producto\/manubrio-timon-koryak-pro-negro\/","title":{"rendered":"Manubrio Timon Koryak Pro Negro"},"content":{"rendered":"<p>Manubrio Timon Koryak Pro Negro, de alta resistencia y bajo peso para bicicletas monta\u00f1a de todas las modalidades, es SEMI RECTO un poco curvo de 8mm de Curva. Para uso en Bicicleta de Monta\u00f1a, Freeride, Enduro su tipo de empaque: Blister original PRO, PRO dise\u00f1a y fabrica piezas para tu bicicleta de alta gama a precios muy accesibles.<\/p>\n","protected":false},"excerpt":{"rendered":"<ul>\n<li>&#8211; Fabricado en aluminio de alta resistencia 2014-DB<\/li>\n<li>&#8211; Di\u00e1metro de abrazadera<\/li>\n<li>&#8211; Rise 8mm SEMI RECTO<\/li>\n<li>&#8211; Peso 279 gramos.<\/li>\n<\/ul>\n","protected":false},"featured_media":237524,"template":"","meta":{"_et_pb_use_builder":"","_et_pb_old_content":"","_et_gb_content_width":""},"product_brand":[],"product_cat":[179,74],"product_tag":[],"class_list":{"0":"post-232754","1":"product","2":"type-product","3":"status-publish","4":"has-post-thumbnail","6":"product_cat-accesorios","7":"product_cat-bicicletas","9":"first","10":"outofstock","11":"taxable","12":"shipping-taxable","13":"purchasable","14":"product-type-simple"},"_links":{"self":[{"href":"https:\/\/www.almacenflotablanca.com\/web\/wp-json\/wp\/v2\/product\/232754","targetHints":{"allow":["GET"]}}],"collection":[{"href":"https:\/\/www.almacenflotablanca.com\/web\/wp-json\/wp\/v2\/product"}],"about":[{"href":"https:\/\/www.almacenflotablanca.com\/web\/wp-json\/wp\/v2\/types\/product"}],"wp:featuredmedia":[{"embeddable":true,"href":"https:\/\/www.almacenflotablanca.com\/web\/wp-json\/wp\/v2\/media\/237524"}],"wp:attachment":[{"href":"https:\/\/www.almacenflotablanca.com\/web\/wp-json\/wp\/v2\/media?parent=232754"}],"wp:term":[{"taxonomy":"product_brand","embeddable":true,"href":"https:\/\/www.almacenflotablanca.com\/web\/wp-json\/wp\/v2\/product_brand?post=232754"},{"taxonomy":"product_cat","embeddable":true,"href":"https:\/\/www.almacenflotablanca.com\/web\/wp-json\/wp\/v2\/product_cat?post=232754"},{"taxonomy":"product_tag","embeddable":true,"href":"https:\/\/www.almacenflotablanca.com\/web\/wp-json\/wp\/v2\/product_tag?post=232754"}],"curies":[{"name":"wp","href":"https:\/\/api.w.org\/{rel}","templated":true}]}}