{"id":232839,"date":"2021-06-09T13:08:47","date_gmt":"2021-06-09T18:08:47","guid":{"rendered":"https:\/\/www.almacenflotablanca.com\/web\/producto\/disco-estandar-con-agarre-5-kg-1-sport-fitness-negro\/"},"modified":"2026-04-15T16:11:04","modified_gmt":"2026-04-15T21:11:04","slug":"disco-estandar-con-agarre-5-kg-1-sport-fitness-negro","status":"publish","type":"product","link":"https:\/\/www.almacenflotablanca.com\/web\/producto\/disco-estandar-con-agarre-5-kg-1-sport-fitness-negro\/","title":{"rendered":"Disco Est\u00e1ndar Con Agarre 5 Kg 1&#8243; Sport fitness Negro"},"content":{"rendered":"<p>Disco Est\u00e1ndar Con Agarre 5 Kg 1&#8243; Sport fitness Negro los productos de Sport Fitness, una de las marcas m\u00e1s reconocidas en equipos para acondicionamiento f\u00edsico, entrenamiento y accesorios ideales para el hogar, oficina, \u00e1reas libres o tu propio gimnasio. Desarrolle fuerza en antebrazos y manos por su forma circular son ideales para girar lo cual produce de esta manera un entrenamiento funcional. El trabajo con peso libre genera que los movimientos sean de forma natural.<\/p>\n","protected":false},"excerpt":{"rendered":"<ul>\n<li> &#8211; Discos est\u00e1ndar con agarre <\/li>\n<li> &#8211; Material: hierro fundido <\/li>\n<li> &#8211; Tipo: Discos ol\u00edmpicos <\/li>\n<\/ul>\n","protected":false},"featured_media":232838,"template":"","meta":{"_et_pb_use_builder":"","_et_pb_old_content":"","_et_gb_content_width":""},"product_brand":[],"product_cat":[146,135],"product_tag":[],"class_list":{"0":"post-232839","1":"product","2":"type-product","3":"status-publish","4":"has-post-thumbnail","6":"product_cat-discos","7":"product_cat-fuerza","9":"first","10":"instock","11":"taxable","12":"shipping-taxable","13":"purchasable","14":"product-type-simple"},"_links":{"self":[{"href":"https:\/\/www.almacenflotablanca.com\/web\/wp-json\/wp\/v2\/product\/232839","targetHints":{"allow":["GET"]}}],"collection":[{"href":"https:\/\/www.almacenflotablanca.com\/web\/wp-json\/wp\/v2\/product"}],"about":[{"href":"https:\/\/www.almacenflotablanca.com\/web\/wp-json\/wp\/v2\/types\/product"}],"wp:featuredmedia":[{"embeddable":true,"href":"https:\/\/www.almacenflotablanca.com\/web\/wp-json\/wp\/v2\/media\/232838"}],"wp:attachment":[{"href":"https:\/\/www.almacenflotablanca.com\/web\/wp-json\/wp\/v2\/media?parent=232839"}],"wp:term":[{"taxonomy":"product_brand","embeddable":true,"href":"https:\/\/www.almacenflotablanca.com\/web\/wp-json\/wp\/v2\/product_brand?post=232839"},{"taxonomy":"product_cat","embeddable":true,"href":"https:\/\/www.almacenflotablanca.com\/web\/wp-json\/wp\/v2\/product_cat?post=232839"},{"taxonomy":"product_tag","embeddable":true,"href":"https:\/\/www.almacenflotablanca.com\/web\/wp-json\/wp\/v2\/product_tag?post=232839"}],"curies":[{"name":"wp","href":"https:\/\/api.w.org\/{rel}","templated":true}]}}