{"id":232858,"date":"2021-06-24T23:36:17","date_gmt":"2021-06-25T04:36:17","guid":{"rendered":"https:\/\/www.almacenflotablanca.com\/web\/producto\/bicicleta-bmx-nemesis-rin-20-gw-verde\/"},"modified":"2026-04-15T16:11:22","modified_gmt":"2026-04-15T21:11:22","slug":"bicicleta-bmx-nemesis-rin-20-gw-verde","status":"publish","type":"product","link":"https:\/\/www.almacenflotablanca.com\/web\/producto\/bicicleta-bmx-nemesis-rin-20-gw-verde\/","title":{"rendered":"Bicicleta BMX Nemesis rin 20 Gw Verde"},"content":{"rendered":"<p>Bicicleta BMX Nemesis rin 20 Gw Verde, es la nueva bicicleta de Gw, muy vers\u00e1til y resistente por su marco Gw de soldaduras reforzadas. Incluye accesorios lo que la a\u00fan m\u00e1s atractiva. La Nemesis es una bicicleta elegante y sigilosa dise\u00f1ada para arrancarla en todos los terrenos, con una especificaci\u00f3n que podr\u00eda encontrarse f\u00e1cilmente en las mismas bicicletas en las que se encuentran los equipos pro este a\u00f1o. Marco: optimus nemesis full cromolio 4130 pivots removibles, frenos: optimus aluminio trasero con palanca color, direcci\u00f3n: full cromo rise 8,9&#8243; optimus nemesis. Pedales: optimus eje cromo de nylon. Cuadrante Nemesis de Acero. Masa Posterior HAWK de 9 dientes Eje 14mm.<\/p>\n","protected":false},"excerpt":{"rendered":"<ul>\n<li>&#8211; Rin delantero: optimus nemesis aluminio doble pared 36 av<\/li>\n<li>&#8211; Rin trasero: optimus nemesis aluminio doble pared 36 av<\/li>\n<li>&#8211; Cadena: kmc 1\/2&#8243;x1\/8&#8243;x72l<\/li>\n<li>&#8211; Llantas: kenda nemesis 20*2,35&#8243;<\/li>\n<li>&#8211; Relaci\u00f3n: optimus nemesis aluminio 25t<\/li>\n<li>&#8211; Edad: desde los 7 a\u00f1os en adelante<\/li>\n<\/ul>\n","protected":false},"featured_media":232855,"template":"","meta":{"_et_pb_use_builder":"","_et_pb_old_content":"","_et_gb_content_width":""},"product_brand":[],"product_cat":[74,170],"product_tag":[],"class_list":{"0":"post-232858","1":"product","2":"type-product","3":"status-publish","4":"has-post-thumbnail","6":"product_cat-bicicletas","7":"product_cat-bicicletas-de-bmx","9":"first","10":"outofstock","11":"taxable","12":"shipping-taxable","13":"purchasable","14":"product-type-simple"},"_links":{"self":[{"href":"https:\/\/www.almacenflotablanca.com\/web\/wp-json\/wp\/v2\/product\/232858","targetHints":{"allow":["GET"]}}],"collection":[{"href":"https:\/\/www.almacenflotablanca.com\/web\/wp-json\/wp\/v2\/product"}],"about":[{"href":"https:\/\/www.almacenflotablanca.com\/web\/wp-json\/wp\/v2\/types\/product"}],"wp:featuredmedia":[{"embeddable":true,"href":"https:\/\/www.almacenflotablanca.com\/web\/wp-json\/wp\/v2\/media\/232855"}],"wp:attachment":[{"href":"https:\/\/www.almacenflotablanca.com\/web\/wp-json\/wp\/v2\/media?parent=232858"}],"wp:term":[{"taxonomy":"product_brand","embeddable":true,"href":"https:\/\/www.almacenflotablanca.com\/web\/wp-json\/wp\/v2\/product_brand?post=232858"},{"taxonomy":"product_cat","embeddable":true,"href":"https:\/\/www.almacenflotablanca.com\/web\/wp-json\/wp\/v2\/product_cat?post=232858"},{"taxonomy":"product_tag","embeddable":true,"href":"https:\/\/www.almacenflotablanca.com\/web\/wp-json\/wp\/v2\/product_tag?post=232858"}],"curies":[{"name":"wp","href":"https:\/\/api.w.org\/{rel}","templated":true}]}}