{"id":232877,"date":"2021-06-28T01:45:12","date_gmt":"2021-06-28T06:45:12","guid":{"rendered":"https:\/\/www.almacenflotablanca.com\/web\/producto\/bicicleta-de-ruta-orion-700-optimus-negra\/"},"modified":"2026-04-15T16:11:20","modified_gmt":"2026-04-15T21:11:20","slug":"bicicleta-de-ruta-orion-700-optimus-negra","status":"publish","type":"product","link":"https:\/\/www.almacenflotablanca.com\/web\/producto\/bicicleta-de-ruta-orion-700-optimus-negra\/","title":{"rendered":"Bicicleta De Ruta Orion 700 Optimus Negra"},"content":{"rendered":"<p>Bicicleta De Ruta Orion 700 Optimus Negra, compuestas por marco en aluminio de cableado interno optimus orion, grupo integral shimano sora 2&#215;9 velocidades, manecillas ergopower con las que podras manejar los cambios y frenos en forma integral sencilla y segura, doble plato de 50 34 dientes biela 170 y centro bb lo que lo hace m\u00e1s liviano, tenedor de botellas fibra carbono, accesorios de ensamble en aluminio, aros en aluminio con motivos en calcomania shimano armados con 24 radios, excelente bicicleta con caracteristicas de calidad, adem\u00e1s sus dise\u00f1os y geometr\u00eda te permite alcanzar grandes velocidades, su rendimiento para que lleves al m\u00e1ximo tus rodadas incre\u00edblementes.<\/p>\n","protected":false},"excerpt":{"rendered":"<ul>\n<li>&#8211; Material: aluminio<\/li>\n<li>&#8211; Grupo shimano claris<\/li>\n<li>&#8211; Cantidad de velocidades: 8<\/li>\n<li>&#8211; Rodado: 700<\/li>\n<\/ul>\n","protected":false},"featured_media":232868,"template":"","meta":{"_et_pb_use_builder":"","_et_pb_old_content":"","_et_gb_content_width":""},"product_brand":[],"product_cat":[74,138],"product_tag":[],"class_list":{"0":"post-232877","1":"product","2":"type-product","3":"status-publish","4":"has-post-thumbnail","6":"product_cat-bicicletas","7":"product_cat-bicicletas-de-montana","9":"first","10":"outofstock","11":"taxable","12":"shipping-taxable","13":"purchasable","14":"product-type-simple"},"_links":{"self":[{"href":"https:\/\/www.almacenflotablanca.com\/web\/wp-json\/wp\/v2\/product\/232877","targetHints":{"allow":["GET"]}}],"collection":[{"href":"https:\/\/www.almacenflotablanca.com\/web\/wp-json\/wp\/v2\/product"}],"about":[{"href":"https:\/\/www.almacenflotablanca.com\/web\/wp-json\/wp\/v2\/types\/product"}],"wp:featuredmedia":[{"embeddable":true,"href":"https:\/\/www.almacenflotablanca.com\/web\/wp-json\/wp\/v2\/media\/232868"}],"wp:attachment":[{"href":"https:\/\/www.almacenflotablanca.com\/web\/wp-json\/wp\/v2\/media?parent=232877"}],"wp:term":[{"taxonomy":"product_brand","embeddable":true,"href":"https:\/\/www.almacenflotablanca.com\/web\/wp-json\/wp\/v2\/product_brand?post=232877"},{"taxonomy":"product_cat","embeddable":true,"href":"https:\/\/www.almacenflotablanca.com\/web\/wp-json\/wp\/v2\/product_cat?post=232877"},{"taxonomy":"product_tag","embeddable":true,"href":"https:\/\/www.almacenflotablanca.com\/web\/wp-json\/wp\/v2\/product_tag?post=232877"}],"curies":[{"name":"wp","href":"https:\/\/api.w.org\/{rel}","templated":true}]}}