{"id":232878,"date":"2021-06-28T01:45:12","date_gmt":"2021-06-28T06:45:12","guid":{"rendered":"https:\/\/www.almacenflotablanca.com\/web\/producto\/bicicleta-playera-rin-26-zuppra-azul\/"},"modified":"2026-04-15T16:12:18","modified_gmt":"2026-04-15T21:12:18","slug":"bicicleta-playera-rin-26-zuppra-azul","status":"publish","type":"product","link":"https:\/\/www.almacenflotablanca.com\/web\/producto\/bicicleta-playera-rin-26-zuppra-azul\/","title":{"rendered":"Bicicleta Playera Rin 26 Zuppra Azul"},"content":{"rendered":"<p>Bicicleta Playera Rin 26 Zuppra Azul, tenemos diferentes modelos de bicicletas, con el fin de ofrecer gran variedad a nuestros clientes en toda la l\u00ednea que tenemos a tu disposici\u00f3n, garantizando calidad e innovaci\u00f3n y lo mejor con el precio m\u00e1s atractivo del mercado.<\/p>\n<p>Nuestras bicicletas cuentan con componentes de excelente calidad, los cuales te brindaran la confianza y seguridad que necesitas, Mu\u00e9vete por donde quieras, por nuestras hermosas monta\u00f1as o por la ciudad, usa tu bicicleta para disfrutar de un d\u00eda de paseo por zonas rurales o para que vayas a tu trabajo, estudio o para que simplemente te diviertas. Adem\u00e1s, nuestras bicicletas proporcionan la resistencia que siempre has buscado en una bici, permiti\u00e9ndote recorrer cortas o largas distancias.<\/p>\n","protected":false},"excerpt":{"rendered":"<ul>\n<li>&#8211; Cantidad de velocidades: 6<\/li>\n<li>&#8211; Marco en Acero<\/li>\n<li>&#8211; Frenos V-Brake<\/li>\n<li>&#8211; Rines 26 En Aluminio<\/li>\n<li>&#8211; Edad: desde los 14 a\u00f1os en adelante<\/li>\n<\/ul>\n","protected":false},"featured_media":232869,"template":"","meta":{"_et_pb_use_builder":"","_et_pb_old_content":"","_et_gb_content_width":""},"product_brand":[],"product_cat":[74,64],"product_tag":[],"class_list":{"0":"post-232878","1":"product","2":"type-product","3":"status-publish","4":"has-post-thumbnail","6":"product_cat-bicicletas","7":"product_cat-bicicletas-infantiles","9":"first","10":"outofstock","11":"taxable","12":"shipping-taxable","13":"purchasable","14":"product-type-simple"},"_links":{"self":[{"href":"https:\/\/www.almacenflotablanca.com\/web\/wp-json\/wp\/v2\/product\/232878","targetHints":{"allow":["GET"]}}],"collection":[{"href":"https:\/\/www.almacenflotablanca.com\/web\/wp-json\/wp\/v2\/product"}],"about":[{"href":"https:\/\/www.almacenflotablanca.com\/web\/wp-json\/wp\/v2\/types\/product"}],"wp:featuredmedia":[{"embeddable":true,"href":"https:\/\/www.almacenflotablanca.com\/web\/wp-json\/wp\/v2\/media\/232869"}],"wp:attachment":[{"href":"https:\/\/www.almacenflotablanca.com\/web\/wp-json\/wp\/v2\/media?parent=232878"}],"wp:term":[{"taxonomy":"product_brand","embeddable":true,"href":"https:\/\/www.almacenflotablanca.com\/web\/wp-json\/wp\/v2\/product_brand?post=232878"},{"taxonomy":"product_cat","embeddable":true,"href":"https:\/\/www.almacenflotablanca.com\/web\/wp-json\/wp\/v2\/product_cat?post=232878"},{"taxonomy":"product_tag","embeddable":true,"href":"https:\/\/www.almacenflotablanca.com\/web\/wp-json\/wp\/v2\/product_tag?post=232878"}],"curies":[{"name":"wp","href":"https:\/\/api.w.org\/{rel}","templated":true}]}}