{"id":232890,"date":"2021-06-28T02:24:15","date_gmt":"2021-06-28T07:24:15","guid":{"rendered":"https:\/\/www.almacenflotablanca.com\/web\/producto\/bicicleta-playera-26p-sunday-gw-beige\/"},"modified":"2026-04-15T16:10:50","modified_gmt":"2026-04-15T21:10:50","slug":"bicicleta-playera-26p-sunday-gw-beige","status":"publish","type":"product","link":"https:\/\/www.almacenflotablanca.com\/web\/producto\/bicicleta-playera-26p-sunday-gw-beige\/","title":{"rendered":"Bicicleta Playera 26P Sunday Gw Beige"},"content":{"rendered":"<p>Bicicleta Playera 26P Sunday Gw Beige<br \/>\nCaracter\u00edsticas:<br \/>\n&#8211; Material marco: acero<br \/>\n&#8211; Sistema de pi\u00f1\u00f3n: shimano 1Vel con rueda libre<br \/>\n&#8211; Bicicleta playera: 26\u201d<br \/>\n&#8211; resorte: gal\u00e1pago<br \/>\n&#8211; Marco 26\u201d en acero<br \/>\n&#8211; Tenedor 26\u201d en acero<br \/>\n&#8211; Juego de direcci\u00f3n en acero<br \/>\n&#8211; Manubrio playero en acero<br \/>\n&#8211; Espiga en acero<br \/>\n&#8211; Poste en acero 25.4\u201d<br \/>\n&#8211; BB \u2013 set en acero<br \/>\n&#8211; Mangos pl\u00e1sticos 120mm<br \/>\n&#8211; Cadena en acero 1\/8*1\/2<br \/>\n&#8211; Pedales en PVC 9\/16<br \/>\n&#8211; Juego de frenos V-brake en acero\/ aluminio<br \/>\n&#8211; Relaci\u00f3n 40T -165mm<br \/>\n&#8211; Rines en aluminio<br \/>\n&#8211; Llantas 26*1.75<br \/>\n&#8211; Pi\u00f1\u00f3n 18T acero<br \/>\n&#8211; Gal\u00e1pago 26 tipo turismo con resorte<br \/>\n&#8211; Guarda cadena en acero<br \/>\n&#8211; Guarda barro en acero<br \/>\n&#8211; Accesorios: canasta, parrilla, stop, reflectivo y paral<br \/>\nExcelente opci\u00f3n para tu movilidad en la ciudad y dar tus paseos.Adem\u00e1s cuenta con guardabarros para protegerte en los d\u00edas de lluvia y protector de cadena para que no te vayas a lastimar con la cadena y protegerte de la grasa.<\/p>\n","protected":false},"excerpt":{"rendered":"<ul>\n<li>&#8211; Materiales del marco: Acero<\/li>\n<li>&#8211; Juego de direcci\u00f3n en acero<\/li>\n<li>&#8211; Manubrio playero en acero<\/li>\n<li>&#8211; Cadena en acero<\/li>\n<li>&#8211; Frenos v-brake<\/li>\n<li>&#8211; Edad: desde los 14 a\u00f1os en adelante<\/li>\n<\/ul>\n","protected":false},"featured_media":232887,"template":"","meta":{"_et_pb_use_builder":"","_et_pb_old_content":"","_et_gb_content_width":""},"product_brand":[],"product_cat":[74,64],"product_tag":[],"class_list":{"0":"post-232890","1":"product","2":"type-product","3":"status-publish","4":"has-post-thumbnail","6":"product_cat-bicicletas","7":"product_cat-bicicletas-infantiles","9":"first","10":"outofstock","11":"taxable","12":"shipping-taxable","13":"purchasable","14":"product-type-simple"},"_links":{"self":[{"href":"https:\/\/www.almacenflotablanca.com\/web\/wp-json\/wp\/v2\/product\/232890","targetHints":{"allow":["GET"]}}],"collection":[{"href":"https:\/\/www.almacenflotablanca.com\/web\/wp-json\/wp\/v2\/product"}],"about":[{"href":"https:\/\/www.almacenflotablanca.com\/web\/wp-json\/wp\/v2\/types\/product"}],"wp:featuredmedia":[{"embeddable":true,"href":"https:\/\/www.almacenflotablanca.com\/web\/wp-json\/wp\/v2\/media\/232887"}],"wp:attachment":[{"href":"https:\/\/www.almacenflotablanca.com\/web\/wp-json\/wp\/v2\/media?parent=232890"}],"wp:term":[{"taxonomy":"product_brand","embeddable":true,"href":"https:\/\/www.almacenflotablanca.com\/web\/wp-json\/wp\/v2\/product_brand?post=232890"},{"taxonomy":"product_cat","embeddable":true,"href":"https:\/\/www.almacenflotablanca.com\/web\/wp-json\/wp\/v2\/product_cat?post=232890"},{"taxonomy":"product_tag","embeddable":true,"href":"https:\/\/www.almacenflotablanca.com\/web\/wp-json\/wp\/v2\/product_tag?post=232890"}],"curies":[{"name":"wp","href":"https:\/\/api.w.org\/{rel}","templated":true}]}}