{"id":232902,"date":"2021-06-28T18:09:23","date_gmt":"2021-06-28T23:09:23","guid":{"rendered":"https:\/\/www.almacenflotablanca.com\/web\/producto\/bicicleta-rin-12-bambina-zuppra-rosada\/"},"modified":"2026-04-15T16:12:17","modified_gmt":"2026-04-15T21:12:17","slug":"bicicleta-rin-12-bambina-zuppra-rosada","status":"publish","type":"product","link":"https:\/\/www.almacenflotablanca.com\/web\/producto\/bicicleta-rin-12-bambina-zuppra-rosada\/","title":{"rendered":"Bicicleta Rin 12 Bambina Zuppra Rosada"},"content":{"rendered":"<p>Bicicleta Rin 12 Bambina Zuppra Rosada, bicicleta en acero liviano con protecci\u00f3n de plato y pi\u00f1\u00f3n. Cuenta con una parrilla trasera, cuenta con protecci\u00f3n en algunas barras del marco. Cuenta con un sistema fijo de una sola velocidad y frenos mec\u00e1nicos v-Brake. Un modelo especial de bicicleta que les permitir\u00e1 seguir mejorando en sus aptitudes f\u00edsicas desde ya, desarrollando una condici\u00f3n f\u00edsica excepcional que les va a garantizar el poder gozar de excelente salud gracias a los beneficios cardiovasculares que proporcionan nuestras bicicletas, tanto para la simple movilidad como para iniciarse en el mundo del deporte.<\/p>\n","protected":false},"excerpt":{"rendered":"<ul>\n<li> &#8211;  Material: acero liviano <\/li>\n<li> &#8211; Tipo de frenos: V-brakes <\/li>\n<li> &#8211; Tipo de bicicleta: Playera <\/li>\n<li> &#8211; Avance: de pedales <\/li>\n<li> &#8211; Edad: apropiada desde los 2 a\u00f1os hasta los 4 a\u00f1os <\/li>\n<\/ul>\n","protected":false},"featured_media":232899,"template":"","meta":{"_et_pb_use_builder":"","_et_pb_old_content":"","_et_gb_content_width":""},"product_brand":[],"product_cat":[74,64],"product_tag":[],"class_list":{"0":"post-232902","1":"product","2":"type-product","3":"status-publish","4":"has-post-thumbnail","6":"product_cat-bicicletas","7":"product_cat-bicicletas-infantiles","9":"first","10":"instock","11":"taxable","12":"shipping-taxable","13":"purchasable","14":"product-type-simple"},"_links":{"self":[{"href":"https:\/\/www.almacenflotablanca.com\/web\/wp-json\/wp\/v2\/product\/232902","targetHints":{"allow":["GET"]}}],"collection":[{"href":"https:\/\/www.almacenflotablanca.com\/web\/wp-json\/wp\/v2\/product"}],"about":[{"href":"https:\/\/www.almacenflotablanca.com\/web\/wp-json\/wp\/v2\/types\/product"}],"wp:featuredmedia":[{"embeddable":true,"href":"https:\/\/www.almacenflotablanca.com\/web\/wp-json\/wp\/v2\/media\/232899"}],"wp:attachment":[{"href":"https:\/\/www.almacenflotablanca.com\/web\/wp-json\/wp\/v2\/media?parent=232902"}],"wp:term":[{"taxonomy":"product_brand","embeddable":true,"href":"https:\/\/www.almacenflotablanca.com\/web\/wp-json\/wp\/v2\/product_brand?post=232902"},{"taxonomy":"product_cat","embeddable":true,"href":"https:\/\/www.almacenflotablanca.com\/web\/wp-json\/wp\/v2\/product_cat?post=232902"},{"taxonomy":"product_tag","embeddable":true,"href":"https:\/\/www.almacenflotablanca.com\/web\/wp-json\/wp\/v2\/product_tag?post=232902"}],"curies":[{"name":"wp","href":"https:\/\/api.w.org\/{rel}","templated":true}]}}