{"id":232928,"date":"2021-07-01T16:13:19","date_gmt":"2021-07-01T21:13:19","guid":{"rendered":"https:\/\/www.almacenflotablanca.com\/web\/producto\/bicicleta-rin-24-sinope-doble-suspension-gw-roja\/"},"modified":"2026-04-15T16:12:19","modified_gmt":"2026-04-15T21:12:19","slug":"bicicleta-rin-24-sinope-doble-suspension-gw-roja","status":"publish","type":"product","link":"https:\/\/www.almacenflotablanca.com\/web\/producto\/bicicleta-rin-24-sinope-doble-suspension-gw-roja\/","title":{"rendered":"Bicicleta Rin 24 Sinope Gw Doble Suspensi\u00f3n"},"content":{"rendered":"<p>Bicicleta Rin 24 Sinope Doble Suspensi\u00f3n Gw,  cuentan con componentes de excelente calidad, los cuales te brindaran la confianza y seguridad que necesitas. Exelente marco en acero super resistente, componentes: manzanas casetteras stl al igual que sus discos de 160\u202fmm. Mu\u00e9vete por donde quieras, por nuestras hermosas monta\u00f1as o por la ciudad, usa tu bicicleta para disfrutar de un d\u00eda de paseo por zonas rurales o para que vayas a tu trabajo, estudio o para que simplemente te diviertas.<\/p>\n<p> Adem\u00e1s, nuestras bicicletas proporcionan la resistencia que siempre has buscado en una bici, permiti\u00e9ndote recorrer cortas o largas distancias, As\u00ed que aprovecha esta oportunidad y ll\u00e9vate esta excelente bicicleta fabricada y ensamblada especialmente para ti.<\/p>\n","protected":false},"excerpt":{"rendered":"<ul>\n<li> -Marco en acero con suspensi\u00f3n <\/li>\n<li> -Suspensi\u00f3n delantera GW en acero <\/li>\n<li> -Codo MTB en acero, Direcci\u00f3n MTB en acero <\/li>\n<li> -Sistema de freno V-BRAKE EN RESINA <\/li>\n<li> -Palancas de recorrido en resina  para 6 velocidades <\/li>\n<li> -Relaci\u00f3n 24\/34\/42 en resina <\/li>\n<li> -Pacha 14\/28 de rosca <\/li>\n<li> -Descarrilador milenium, Tensor milenium <\/li>\n<li> -Manzana en acero de 36 huecos <\/li>\n<li> -Aros en aluminio color natural, Llantas chaoyang 24X1.95 <\/li>\n<li> -Pedales 9\/16 en resina <\/li>\n<li> &#8211; Edad: desde los 10 a\u00f1os en adelante <\/li>\n<li> -Colores Negro con Rojo, Sujeto a disponibilidad <\/li>\n<\/ul>\n","protected":false},"featured_media":235479,"template":"","meta":{"_et_pb_use_builder":"","_et_pb_old_content":"","_et_gb_content_width":""},"product_brand":[],"product_cat":[74,64],"product_tag":[],"class_list":{"0":"post-232928","1":"product","2":"type-product","3":"status-publish","4":"has-post-thumbnail","6":"product_cat-bicicletas","7":"product_cat-bicicletas-infantiles","9":"first","10":"outofstock","11":"taxable","12":"shipping-taxable","13":"purchasable","14":"product-type-simple"},"_links":{"self":[{"href":"https:\/\/www.almacenflotablanca.com\/web\/wp-json\/wp\/v2\/product\/232928","targetHints":{"allow":["GET"]}}],"collection":[{"href":"https:\/\/www.almacenflotablanca.com\/web\/wp-json\/wp\/v2\/product"}],"about":[{"href":"https:\/\/www.almacenflotablanca.com\/web\/wp-json\/wp\/v2\/types\/product"}],"wp:featuredmedia":[{"embeddable":true,"href":"https:\/\/www.almacenflotablanca.com\/web\/wp-json\/wp\/v2\/media\/235479"}],"wp:attachment":[{"href":"https:\/\/www.almacenflotablanca.com\/web\/wp-json\/wp\/v2\/media?parent=232928"}],"wp:term":[{"taxonomy":"product_brand","embeddable":true,"href":"https:\/\/www.almacenflotablanca.com\/web\/wp-json\/wp\/v2\/product_brand?post=232928"},{"taxonomy":"product_cat","embeddable":true,"href":"https:\/\/www.almacenflotablanca.com\/web\/wp-json\/wp\/v2\/product_cat?post=232928"},{"taxonomy":"product_tag","embeddable":true,"href":"https:\/\/www.almacenflotablanca.com\/web\/wp-json\/wp\/v2\/product_tag?post=232928"}],"curies":[{"name":"wp","href":"https:\/\/api.w.org\/{rel}","templated":true}]}}