{"id":232932,"date":"2021-07-02T22:18:20","date_gmt":"2021-07-03T03:18:20","guid":{"rendered":"https:\/\/www.almacenflotablanca.com\/web\/producto\/bicicleta-en-acero-new-sport-drive-azul\/"},"modified":"2026-04-15T16:11:31","modified_gmt":"2026-04-15T21:11:31","slug":"bicicleta-en-acero-new-sport-drive-azul","status":"publish","type":"product","link":"https:\/\/www.almacenflotablanca.com\/web\/producto\/bicicleta-en-acero-new-sport-drive-azul\/","title":{"rendered":"Bicicleta en Acero New Sport Drive Azul"},"content":{"rendered":"<p>Bicicleta en Acero New Sport Drive Azul, esta es una bicicleta ideal para realizar recorridos con intensiones deportivas o simplemente dar un paseo luego de trabajar. Incluso, podr\u00edas atreverte a llegar a tu lugar de trabajo utiliz\u00e1ndola, nada m\u00e1s sencillo y beneficioso que desplazarte en bicicleta. Un modelo confeccionado con los mejores materiales, los m\u00e1s resistentes: cuenta con un cuadro de acero y sus manubrios con un recubrimiento de espuma. Adem\u00e1s, para proteger nuestra columna de cualquier tipo de golpes tiene un sistema de amortiguaci\u00f3n central. Disfruta de sus tres velocidades, elige la que m\u00e1s se adapte a tus objetivos. \u00a1Sal y da un paseo en bicicleta! Los beneficios son verdaderamente incontables a largo plazo.<\/p>\n","protected":false},"excerpt":{"rendered":"<ul>\n<li>&#8211; Material: acero<\/li>\n<li>&#8211; Aro 26 pulgadas aluminio<\/li>\n<li>&#8211; Cantidad de velocidades: 18<\/li>\n<li>&#8211; Manzana delantera y trasera y acero<\/li>\n<li>&#8211; Edad: desde los 14 a\u00f1os en adelante<\/li>\n<\/ul>\n","protected":false},"featured_media":232929,"template":"","meta":{"_et_pb_use_builder":"","_et_pb_old_content":"","_et_gb_content_width":""},"product_brand":[],"product_cat":[74,64],"product_tag":[],"class_list":{"0":"post-232932","1":"product","2":"type-product","3":"status-publish","4":"has-post-thumbnail","6":"product_cat-bicicletas","7":"product_cat-bicicletas-infantiles","9":"first","10":"outofstock","11":"taxable","12":"shipping-taxable","13":"purchasable","14":"product-type-simple"},"_links":{"self":[{"href":"https:\/\/www.almacenflotablanca.com\/web\/wp-json\/wp\/v2\/product\/232932","targetHints":{"allow":["GET"]}}],"collection":[{"href":"https:\/\/www.almacenflotablanca.com\/web\/wp-json\/wp\/v2\/product"}],"about":[{"href":"https:\/\/www.almacenflotablanca.com\/web\/wp-json\/wp\/v2\/types\/product"}],"wp:featuredmedia":[{"embeddable":true,"href":"https:\/\/www.almacenflotablanca.com\/web\/wp-json\/wp\/v2\/media\/232929"}],"wp:attachment":[{"href":"https:\/\/www.almacenflotablanca.com\/web\/wp-json\/wp\/v2\/media?parent=232932"}],"wp:term":[{"taxonomy":"product_brand","embeddable":true,"href":"https:\/\/www.almacenflotablanca.com\/web\/wp-json\/wp\/v2\/product_brand?post=232932"},{"taxonomy":"product_cat","embeddable":true,"href":"https:\/\/www.almacenflotablanca.com\/web\/wp-json\/wp\/v2\/product_cat?post=232932"},{"taxonomy":"product_tag","embeddable":true,"href":"https:\/\/www.almacenflotablanca.com\/web\/wp-json\/wp\/v2\/product_tag?post=232932"}],"curies":[{"name":"wp","href":"https:\/\/api.w.org\/{rel}","templated":true}]}}