{"id":232982,"date":"2021-07-11T18:45:12","date_gmt":"2021-07-11T23:45:12","guid":{"rendered":"https:\/\/www.almacenflotablanca.com\/web\/producto\/bicicleta-rin-29-tucana-hl-2021-optimus-negro\/"},"modified":"2026-04-15T16:12:15","modified_gmt":"2026-04-15T21:12:15","slug":"bicicleta-rin-29-tucana-hl-2021-optimus-negro","status":"publish","type":"product","link":"https:\/\/www.almacenflotablanca.com\/web\/producto\/bicicleta-rin-29-tucana-hl-2021-optimus-negro\/","title":{"rendered":"Bicicleta Rin 29 Tucana Hl 2021 Optimus Negro"},"content":{"rendered":"<p>Bicicleta Rin 29 Tucana Hl 2021 Optimus Negro, a Optimus Tucana edici\u00f3n 2021, 1 x 12 velocidades que t\u00fa mismo puedes combinar o modificar de acuerdo con tus gustos, tu nivel de esfuerzo o las dificultades del terreno. Todo el grupo en conjunto est\u00e1 integrado por una pacha (cassette) de referencia, un sistema monoplato de la misma marca. Adem\u00e1s, el cambio trasero y el desviador delantero, catalogado como una de las transmisiones de entrada al ciclo monta\u00f1ismo m\u00e1s polivalentes y f\u00e1ciles de maniobrar.<br \/>\nSi est\u00e1s buscando una MTB para rodar por terrenos urbanos, realizar aventuras por la monta\u00f1a o sumergirte en la profundidad de la naturaleza con tu grupeta o combo de amigos, no dudes ni un solo segundo en elegir la Optimus Tucana edici\u00f3n 2021, una bicicleta dise\u00f1ada para ciclistas decididos y valientes. Palanca frenos y tensor Shimano, plato pacha cadenilla Optimus.<\/p>\n","protected":false},"excerpt":{"rendered":"<ul>\n<li>&#8211; Llanta: kenda 2.1<\/li>\n<li>&#8211; Rin: optimus aluminio doble pared 32h<\/li>\n<li>&#8211; Pista de direcci\u00f3n: optimus semiintegradas 1 1\/8\u2033<\/li>\n<li>&#8211; Suspensi\u00f3n xcm de suntos<\/li>\n<li>&#8211; Palanca y tensor deore 12 Vel<\/li>\n<\/ul>\n","protected":false},"featured_media":232977,"template":"","meta":{"_et_pb_use_builder":"","_et_pb_old_content":"","_et_gb_content_width":""},"product_brand":[],"product_cat":[74,138],"product_tag":[],"class_list":{"0":"post-232982","1":"product","2":"type-product","3":"status-publish","4":"has-post-thumbnail","6":"product_cat-bicicletas","7":"product_cat-bicicletas-de-montana","9":"first","10":"outofstock","11":"taxable","12":"shipping-taxable","13":"purchasable","14":"product-type-simple"},"_links":{"self":[{"href":"https:\/\/www.almacenflotablanca.com\/web\/wp-json\/wp\/v2\/product\/232982","targetHints":{"allow":["GET"]}}],"collection":[{"href":"https:\/\/www.almacenflotablanca.com\/web\/wp-json\/wp\/v2\/product"}],"about":[{"href":"https:\/\/www.almacenflotablanca.com\/web\/wp-json\/wp\/v2\/types\/product"}],"wp:featuredmedia":[{"embeddable":true,"href":"https:\/\/www.almacenflotablanca.com\/web\/wp-json\/wp\/v2\/media\/232977"}],"wp:attachment":[{"href":"https:\/\/www.almacenflotablanca.com\/web\/wp-json\/wp\/v2\/media?parent=232982"}],"wp:term":[{"taxonomy":"product_brand","embeddable":true,"href":"https:\/\/www.almacenflotablanca.com\/web\/wp-json\/wp\/v2\/product_brand?post=232982"},{"taxonomy":"product_cat","embeddable":true,"href":"https:\/\/www.almacenflotablanca.com\/web\/wp-json\/wp\/v2\/product_cat?post=232982"},{"taxonomy":"product_tag","embeddable":true,"href":"https:\/\/www.almacenflotablanca.com\/web\/wp-json\/wp\/v2\/product_tag?post=232982"}],"curies":[{"name":"wp","href":"https:\/\/api.w.org\/{rel}","templated":true}]}}