{"id":232988,"date":"2021-07-11T19:30:15","date_gmt":"2021-07-12T00:30:15","guid":{"rendered":"https:\/\/www.almacenflotablanca.com\/web\/producto\/bicicleta-mtb-scale-970-2021-scott-gris\/"},"modified":"2026-04-15T16:10:55","modified_gmt":"2026-04-15T21:10:55","slug":"bicicleta-mtb-scale-970-2021-scott-gris","status":"publish","type":"product","link":"https:\/\/www.almacenflotablanca.com\/web\/producto\/bicicleta-mtb-scale-970-2021-scott-gris\/","title":{"rendered":"Bicicleta Mtb Scale 970\/2021 Scott Gris"},"content":{"rendered":"<p>Bicicleta Mtb Scale 970\/2021 Scott Gris, la scale 970 de scott viene equipada con transmisi\u00f3n de 12 velocidades sram eagle y una horquilla rock shox, junto con tecnolog\u00eda de bloqueo remoto para permitir diferentes ajustes del recorrido en funci\u00f3n de las necesidades de cada momento. Tubos reforzados personalizados Scale aleaci\u00f3n 6061 boost QR 5&#215;141 mm \/ Tubo de direcci\u00f3n c\u00f3nico \/ BB92, cableado interno \/ gancho reemplazable. RockShox Judy Silver TK Solo Air 46 mm de desplazamiento \/ tubo de direcci\u00f3n c\u00f3nico \/ Reb. De rebote hidr\u00e1ulico \/ 100 mm de recorrido. Cuadro Boost QR de aleaci\u00f3n 6061, scale RockShox Judy 100 mm, control remoto RideLoc con 2 posiciones.<br \/>\nEl ciclismo es un ejercicio que te permite estar en forma por si quieres bajar de peso o simplemente evitar el sedentarismo; ayuda a tonificar la musculatura de los brazos y fortalecer las piernas, tiene un efecto positivo en el sistema cardiovascular y respiratorio.<\/p>\n","protected":false},"excerpt":{"rendered":"<ul>\n<li>&#8211; Frenos de disco Shimano<\/li>\n<li>&#8211; Llantas: Maxxis Rekon Race<\/li>\n<li>&#8211; SRAM SX, 12 velocidades<\/li>\n<\/ul>\n","protected":false},"featured_media":232983,"template":"","meta":{"_et_pb_use_builder":"","_et_pb_old_content":"","_et_gb_content_width":""},"product_brand":[],"product_cat":[74,138],"product_tag":[],"class_list":{"0":"post-232988","1":"product","2":"type-product","3":"status-publish","4":"has-post-thumbnail","6":"product_cat-bicicletas","7":"product_cat-bicicletas-de-montana","9":"first","10":"outofstock","11":"taxable","12":"shipping-taxable","13":"purchasable","14":"product-type-simple"},"_links":{"self":[{"href":"https:\/\/www.almacenflotablanca.com\/web\/wp-json\/wp\/v2\/product\/232988","targetHints":{"allow":["GET"]}}],"collection":[{"href":"https:\/\/www.almacenflotablanca.com\/web\/wp-json\/wp\/v2\/product"}],"about":[{"href":"https:\/\/www.almacenflotablanca.com\/web\/wp-json\/wp\/v2\/types\/product"}],"wp:featuredmedia":[{"embeddable":true,"href":"https:\/\/www.almacenflotablanca.com\/web\/wp-json\/wp\/v2\/media\/232983"}],"wp:attachment":[{"href":"https:\/\/www.almacenflotablanca.com\/web\/wp-json\/wp\/v2\/media?parent=232988"}],"wp:term":[{"taxonomy":"product_brand","embeddable":true,"href":"https:\/\/www.almacenflotablanca.com\/web\/wp-json\/wp\/v2\/product_brand?post=232988"},{"taxonomy":"product_cat","embeddable":true,"href":"https:\/\/www.almacenflotablanca.com\/web\/wp-json\/wp\/v2\/product_cat?post=232988"},{"taxonomy":"product_tag","embeddable":true,"href":"https:\/\/www.almacenflotablanca.com\/web\/wp-json\/wp\/v2\/product_tag?post=232988"}],"curies":[{"name":"wp","href":"https:\/\/api.w.org\/{rel}","templated":true}]}}