{"id":232993,"date":"2021-07-13T09:33:50","date_gmt":"2021-07-13T14:33:50","guid":{"rendered":"https:\/\/www.almacenflotablanca.com\/web\/producto\/bicicleta-rin-29-mtb-aspect-960-scott-gris\/"},"modified":"2026-04-15T16:10:55","modified_gmt":"2026-04-15T21:10:55","slug":"bicicleta-rin-29-mtb-aspect-960-scott-gris","status":"publish","type":"product","link":"https:\/\/www.almacenflotablanca.com\/web\/producto\/bicicleta-rin-29-mtb-aspect-960-scott-gris\/","title":{"rendered":"Bicicleta Rin 29 Mtb Aspect 960 Scott Gris"},"content":{"rendered":"<p>Bicicleta Rin 29 Mtb Aspect 960 Scott Gris, la Aspect 960 de SCOTT es una bicicleta de monta\u00f1a r\u00edgida sin suspensi\u00f3n trasera, dise\u00f1ada para ser ligera, eficaz y con un precio razonable. Los frenos son de disco y los componentes de Syncros. Es el modelo perfecto para principiantes o para usuarios de bicicleta de monta\u00f1a que se gu\u00eden por el presupuesto. Marco: aspect serie 900-700 \/ aleaci\u00f3n 6061 tuber\u00eda personalizada, bsa73 \/ enrutamiento interno de cables \/ colgador reemplazable. Horquilla: suntour xce28, 100 mm de recorrido.<br \/>\nDesviador trasero: shimano tourney rd-tx800, 16 speed, desviador delantero: shimano fd-m315-ts \/ 31.8mm. Manetas: shimano sl-m315, r-fire plus \/ 2-way release, w \/ gear indicador.<\/p>\n","protected":false},"excerpt":{"rendered":"<ul>\n<li>&#8211; Material: Aluminio<\/li>\n<li>&#8211; Tama\u00f1o de Rueda: 29&#8243;<\/li>\n<li>&#8211; Tensor: Shimano Altus<\/li>\n<li>&#8211; Frenos de disco hidr\u00e1ulicos<\/li>\n<li>&#8211; Descarrilador shimano altus<\/li>\n<li>&#8211; 8 velocidades triplato<\/li>\n<\/ul>\n","protected":false},"featured_media":232989,"template":"","meta":{"_et_pb_use_builder":"","_et_pb_old_content":"","_et_gb_content_width":""},"product_brand":[],"product_cat":[74,138],"product_tag":[],"class_list":{"0":"post-232993","1":"product","2":"type-product","3":"status-publish","4":"has-post-thumbnail","6":"product_cat-bicicletas","7":"product_cat-bicicletas-de-montana","9":"first","10":"outofstock","11":"taxable","12":"shipping-taxable","13":"purchasable","14":"product-type-simple"},"_links":{"self":[{"href":"https:\/\/www.almacenflotablanca.com\/web\/wp-json\/wp\/v2\/product\/232993","targetHints":{"allow":["GET"]}}],"collection":[{"href":"https:\/\/www.almacenflotablanca.com\/web\/wp-json\/wp\/v2\/product"}],"about":[{"href":"https:\/\/www.almacenflotablanca.com\/web\/wp-json\/wp\/v2\/types\/product"}],"wp:featuredmedia":[{"embeddable":true,"href":"https:\/\/www.almacenflotablanca.com\/web\/wp-json\/wp\/v2\/media\/232989"}],"wp:attachment":[{"href":"https:\/\/www.almacenflotablanca.com\/web\/wp-json\/wp\/v2\/media?parent=232993"}],"wp:term":[{"taxonomy":"product_brand","embeddable":true,"href":"https:\/\/www.almacenflotablanca.com\/web\/wp-json\/wp\/v2\/product_brand?post=232993"},{"taxonomy":"product_cat","embeddable":true,"href":"https:\/\/www.almacenflotablanca.com\/web\/wp-json\/wp\/v2\/product_cat?post=232993"},{"taxonomy":"product_tag","embeddable":true,"href":"https:\/\/www.almacenflotablanca.com\/web\/wp-json\/wp\/v2\/product_tag?post=232993"}],"curies":[{"name":"wp","href":"https:\/\/api.w.org\/{rel}","templated":true}]}}