{"id":233397,"date":"2021-07-13T10:01:39","date_gmt":"2021-07-13T15:01:39","guid":{"rendered":"https:\/\/www.almacenflotablanca.com\/web\/producto\/kit-limpieza-squad-gw-negro\/"},"modified":"2026-04-15T16:11:48","modified_gmt":"2026-04-15T21:11:48","slug":"kit-limpieza-squad-gw-negro","status":"publish","type":"product","link":"https:\/\/www.almacenflotablanca.com\/web\/producto\/kit-limpieza-squad-gw-negro\/","title":{"rendered":"Kit Limpieza Squad Gw Negro"},"content":{"rendered":"<p>Kit Limpieza Squad Gw Negro y Limpieza Bicicleta Mtb Ruta Ciclismo, shampoo es un producto desarrollado especialmente para lavar y proteger todas las superficies de tu bicicleta sin hacer mucho esfuerzo. GW BIKE CLEAN SQUAD \u2013 Shampo remover\u00e1 polvo, residuos de barro, la savia de los \u00e1rboles o residuos de aves. Act\u00faa sobre todas las superficies de tu bicicleta. \u00a1Con esta inigualable f\u00f3rmula tu bicicleta lucir\u00e1 nueva lavada tras lavada! Desengrasante Ecol\u00f3gico es una exclusiva f\u00f3rmula desarrollada con pH balanceado, combinando tensoactivos y agentes humectantes biodegradables que eliminan de forma r\u00e1pida y segura dep\u00f3sitos de aceite, grasa, suciedad y todos los contaminantes acumulados en el metal, pl\u00e1stico, caucho, etc. Se puede utilizar en todo tipo de cadenas, placas, componentes y rodamientos. No contiene solventes y no ataca la pintura. Trabaja a temperatura ambiente y puede utilizarse en equipos de limpieza a alta presi\u00f3n, produciendo espuma controlada. Lubricante de Cadena es una f\u00f3rmula novedosa con base en lubricantes vegetales, ceras especiales y tensoactivos que van a brindar a la cadena de tu bicicleta y rodamientos una lubricaci\u00f3n profunda y prolongada. Gracias a su textura cremosa el lubricante se va a adherir a los eslabones de la cadena de una forma m\u00e1s pareja sin generar desperdicio y sin salpicar.<\/p>\n","protected":false},"excerpt":{"rendered":"<ul>\n<li> &#8211; Lavado Ecologico: lava y Protege la Bicicleta y el medio ambiente <\/li>\n<li> &#8211; Limpiador De Discos De Frenos: Desengrasa y Limpia los discos de Tu bicicleta <\/li>\n<li> &#8211; Desengrasante Ecologico: Desengrasa y protegeg los componentes de tu bicicleta <\/li>\n<li> &#8211; Lubricante Para Cadena: Lubrica y restaura la vida de tu cadena <\/li>\n<\/ul>\n","protected":false},"featured_media":233389,"template":"","meta":{"_et_pb_use_builder":"","_et_pb_old_content":"","_et_gb_content_width":""},"product_brand":[],"product_cat":[179,74],"product_tag":[],"class_list":{"0":"post-233397","1":"product","2":"type-product","3":"status-publish","4":"has-post-thumbnail","6":"product_cat-accesorios","7":"product_cat-bicicletas","9":"first","10":"instock","11":"taxable","12":"shipping-taxable","13":"purchasable","14":"product-type-simple"},"_links":{"self":[{"href":"https:\/\/www.almacenflotablanca.com\/web\/wp-json\/wp\/v2\/product\/233397","targetHints":{"allow":["GET"]}}],"collection":[{"href":"https:\/\/www.almacenflotablanca.com\/web\/wp-json\/wp\/v2\/product"}],"about":[{"href":"https:\/\/www.almacenflotablanca.com\/web\/wp-json\/wp\/v2\/types\/product"}],"wp:featuredmedia":[{"embeddable":true,"href":"https:\/\/www.almacenflotablanca.com\/web\/wp-json\/wp\/v2\/media\/233389"}],"wp:attachment":[{"href":"https:\/\/www.almacenflotablanca.com\/web\/wp-json\/wp\/v2\/media?parent=233397"}],"wp:term":[{"taxonomy":"product_brand","embeddable":true,"href":"https:\/\/www.almacenflotablanca.com\/web\/wp-json\/wp\/v2\/product_brand?post=233397"},{"taxonomy":"product_cat","embeddable":true,"href":"https:\/\/www.almacenflotablanca.com\/web\/wp-json\/wp\/v2\/product_cat?post=233397"},{"taxonomy":"product_tag","embeddable":true,"href":"https:\/\/www.almacenflotablanca.com\/web\/wp-json\/wp\/v2\/product_tag?post=233397"}],"curies":[{"name":"wp","href":"https:\/\/api.w.org\/{rel}","templated":true}]}}