{"id":233526,"date":"2021-07-13T10:48:21","date_gmt":"2021-07-13T15:48:21","guid":{"rendered":"https:\/\/www.almacenflotablanca.com\/web\/producto\/juego-de-frenos-hidraulicos-logan-negro\/"},"modified":"2026-04-15T16:11:32","modified_gmt":"2026-04-15T21:11:32","slug":"juego-de-frenos-hidraulicos-logan-negro","status":"publish","type":"product","link":"https:\/\/www.almacenflotablanca.com\/web\/producto\/juego-de-frenos-hidraulicos-logan-negro\/","title":{"rendered":"Juego De Frenos Hidr\u00e1ulicos Logan Negro"},"content":{"rendered":"<p>Juego De Frenos Hidr\u00e1ulicos Logan Negro, el juego de freno disco hidr\u00e1ulico logan especial por su material aluminio y Acero, combinado por su rigidez, resistencia para la actividad y agarre del frenado, viene con manguera especial recubierta protege la parte interna de la humedad, resistencia hidr\u00e1ulica, conformado por un par de discos acerados de 6 tornillos cada uno, dos agujas especiales de agarre a la base de la bicicleta, con l\u00edquido de frenos en las mangueras que conectan las palancas y mordazas, listo para el uso y as\u00ed pueda actualizar su sistema de frenos de color negro. Largo de mangueras: delantera 90 cms y trasera 160 cms.<\/p>\n","protected":false},"excerpt":{"rendered":"<ul>\n<li> &#8211; Incluye Pastillas <\/li>\n<li> &#8211; Compatible con l\u00edquido de frenos, Pastillas T615, ojivas y conectores, Shimano <\/li>\n<li> &#8211; Manguera, manilar, mordaza delantera y trasera <\/li>\n<li> &#8211; Incluye pastilla <\/li>\n<\/ul>\n","protected":false},"featured_media":233523,"template":"","meta":{"_et_pb_use_builder":"","_et_pb_old_content":"","_et_gb_content_width":""},"product_brand":[],"product_cat":[179,74],"product_tag":[],"class_list":{"0":"post-233526","1":"product","2":"type-product","3":"status-publish","4":"has-post-thumbnail","6":"product_cat-accesorios","7":"product_cat-bicicletas","9":"first","10":"instock","11":"taxable","12":"shipping-taxable","13":"purchasable","14":"product-type-simple"},"_links":{"self":[{"href":"https:\/\/www.almacenflotablanca.com\/web\/wp-json\/wp\/v2\/product\/233526","targetHints":{"allow":["GET"]}}],"collection":[{"href":"https:\/\/www.almacenflotablanca.com\/web\/wp-json\/wp\/v2\/product"}],"about":[{"href":"https:\/\/www.almacenflotablanca.com\/web\/wp-json\/wp\/v2\/types\/product"}],"wp:featuredmedia":[{"embeddable":true,"href":"https:\/\/www.almacenflotablanca.com\/web\/wp-json\/wp\/v2\/media\/233523"}],"wp:attachment":[{"href":"https:\/\/www.almacenflotablanca.com\/web\/wp-json\/wp\/v2\/media?parent=233526"}],"wp:term":[{"taxonomy":"product_brand","embeddable":true,"href":"https:\/\/www.almacenflotablanca.com\/web\/wp-json\/wp\/v2\/product_brand?post=233526"},{"taxonomy":"product_cat","embeddable":true,"href":"https:\/\/www.almacenflotablanca.com\/web\/wp-json\/wp\/v2\/product_cat?post=233526"},{"taxonomy":"product_tag","embeddable":true,"href":"https:\/\/www.almacenflotablanca.com\/web\/wp-json\/wp\/v2\/product_tag?post=233526"}],"curies":[{"name":"wp","href":"https:\/\/api.w.org\/{rel}","templated":true}]}}