{"id":233533,"date":"2021-07-13T11:48:57","date_gmt":"2021-07-13T16:48:57","guid":{"rendered":"https:\/\/www.almacenflotablanca.com\/web\/producto\/bolso-portacelular-manubrio-gw-negro\/"},"modified":"2026-04-15T16:12:01","modified_gmt":"2026-04-15T21:12:01","slug":"bolso-portacelular-manubrio-gw-negro","status":"publish","type":"product","link":"https:\/\/www.almacenflotablanca.com\/web\/producto\/bolso-portacelular-manubrio-gw-negro\/","title":{"rendered":"Bolso Portacelular Manubrio Gw Negro"},"content":{"rendered":"<p>Bolso Portacelular Manubrio Gw Negro, bolso porta celular Gw es de la referencia P\/Manubrio, es lo nuevo de la marca llega para hacer m\u00e1s f\u00e1cil la comunicaci\u00f3n, llamadas y mensajes, gracias a su sistema t\u00e1ctil que protege el celular del agua y dem\u00e1s impurezas del ambiente, cuenta con un cierre con una adaptaci\u00f3n impermeable, haciendo m\u00e1s f\u00e1cil el uso y el manejo del mismo, Bolso que permite llevar el celular y adicional a esto permite acomodar herramienta, barras o cualquier otro elemento peque\u00f1o para llevar en el camino, tambi\u00e9n cuenta con una abertura para introducir cables, ya sea de carga o de aud\u00edfonos para mantener la comunicaci\u00f3n con tus seres.<\/p>\n","protected":false},"excerpt":{"rendered":"<ul>\n<li> &#8211; Material: Poli\u00e9ster <\/li>\n<li> &#8211; Velcro: para el agarre del marco, espiga, Manubrio <\/li>\n<li> &#8211; Impermeable: Resistente al agua <\/li>\n<li> &#8211; Acr\u00edlico: facilita el t\u00e1ctil del celular <\/li>\n<\/ul>\n","protected":false},"featured_media":233530,"template":"","meta":{"_et_pb_use_builder":"","_et_pb_old_content":"","_et_gb_content_width":""},"product_brand":[],"product_cat":[179,74],"product_tag":[],"class_list":{"0":"post-233533","1":"product","2":"type-product","3":"status-publish","4":"has-post-thumbnail","6":"product_cat-accesorios","7":"product_cat-bicicletas","9":"first","10":"instock","11":"taxable","12":"shipping-taxable","13":"purchasable","14":"product-type-simple"},"_links":{"self":[{"href":"https:\/\/www.almacenflotablanca.com\/web\/wp-json\/wp\/v2\/product\/233533","targetHints":{"allow":["GET"]}}],"collection":[{"href":"https:\/\/www.almacenflotablanca.com\/web\/wp-json\/wp\/v2\/product"}],"about":[{"href":"https:\/\/www.almacenflotablanca.com\/web\/wp-json\/wp\/v2\/types\/product"}],"wp:featuredmedia":[{"embeddable":true,"href":"https:\/\/www.almacenflotablanca.com\/web\/wp-json\/wp\/v2\/media\/233530"}],"wp:attachment":[{"href":"https:\/\/www.almacenflotablanca.com\/web\/wp-json\/wp\/v2\/media?parent=233533"}],"wp:term":[{"taxonomy":"product_brand","embeddable":true,"href":"https:\/\/www.almacenflotablanca.com\/web\/wp-json\/wp\/v2\/product_brand?post=233533"},{"taxonomy":"product_cat","embeddable":true,"href":"https:\/\/www.almacenflotablanca.com\/web\/wp-json\/wp\/v2\/product_cat?post=233533"},{"taxonomy":"product_tag","embeddable":true,"href":"https:\/\/www.almacenflotablanca.com\/web\/wp-json\/wp\/v2\/product_tag?post=233533"}],"curies":[{"name":"wp","href":"https:\/\/api.w.org\/{rel}","templated":true}]}}