{"id":233542,"date":"2021-07-26T00:03:16","date_gmt":"2021-07-26T05:03:16","guid":{"rendered":"https:\/\/www.almacenflotablanca.com\/web\/producto\/gancho-guardaciclas-p655-icetoolz-negro\/"},"modified":"2026-04-15T16:11:55","modified_gmt":"2026-04-15T21:11:55","slug":"gancho-guardaciclas-p655-icetoolz-negro","status":"publish","type":"product","link":"https:\/\/www.almacenflotablanca.com\/web\/producto\/gancho-guardaciclas-p655-icetoolz-negro\/","title":{"rendered":"Gancho Guardaciclas P655 Icetoolz Negro"},"content":{"rendered":"<p>Gancho Guarda ciclas P655 Icetoolz Negro, proteja su bicicleta de ca\u00eddas frecuentes y los muebles y pisos de su hogar. Utilice los pr\u00e1cticos y econ\u00f3micos ganchos ginda bici para colgar de  pared su bicicleta. Vers\u00e1til gancho reversible para uso directamente en pared, madera o tablas acanaladas de madera. Puede utilizar un gancho por Bicicleta para colgarla de forma vertical al piso o, utilice dos ganchos por Bicicleta para colgarla de forma horizontal al piso por ambas ruedas o por el manubrio y el sill\u00edn. El gancho vienen con cubierta pl\u00e1stica resistente para evitar rayar los rines de su bicicleta.<\/p>\n","protected":false},"excerpt":{"rendered":"<ul>\n<li> &#8211; Material: Acero, Goma <\/li>\n<li> &#8211; Capacidad: 20 Kg <\/li>\n<li> &#8211; Posici\u00f3n de montaje: Vertical <\/li>\n<\/ul>\n","protected":false},"featured_media":233539,"template":"","meta":{"_et_pb_use_builder":"","_et_pb_old_content":"","_et_gb_content_width":""},"product_brand":[],"product_cat":[74,154],"product_tag":[],"class_list":{"0":"post-233542","1":"product","2":"type-product","3":"status-publish","4":"has-post-thumbnail","6":"product_cat-bicicletas","7":"product_cat-soporte-de-entrenamiento","9":"first","10":"instock","11":"taxable","12":"shipping-taxable","13":"purchasable","14":"product-type-simple"},"_links":{"self":[{"href":"https:\/\/www.almacenflotablanca.com\/web\/wp-json\/wp\/v2\/product\/233542","targetHints":{"allow":["GET"]}}],"collection":[{"href":"https:\/\/www.almacenflotablanca.com\/web\/wp-json\/wp\/v2\/product"}],"about":[{"href":"https:\/\/www.almacenflotablanca.com\/web\/wp-json\/wp\/v2\/types\/product"}],"wp:featuredmedia":[{"embeddable":true,"href":"https:\/\/www.almacenflotablanca.com\/web\/wp-json\/wp\/v2\/media\/233539"}],"wp:attachment":[{"href":"https:\/\/www.almacenflotablanca.com\/web\/wp-json\/wp\/v2\/media?parent=233542"}],"wp:term":[{"taxonomy":"product_brand","embeddable":true,"href":"https:\/\/www.almacenflotablanca.com\/web\/wp-json\/wp\/v2\/product_brand?post=233542"},{"taxonomy":"product_cat","embeddable":true,"href":"https:\/\/www.almacenflotablanca.com\/web\/wp-json\/wp\/v2\/product_cat?post=233542"},{"taxonomy":"product_tag","embeddable":true,"href":"https:\/\/www.almacenflotablanca.com\/web\/wp-json\/wp\/v2\/product_tag?post=233542"}],"curies":[{"name":"wp","href":"https:\/\/api.w.org\/{rel}","templated":true}]}}