{"id":233572,"date":"2021-08-14T15:36:52","date_gmt":"2021-08-14T20:36:52","guid":{"rendered":"https:\/\/www.almacenflotablanca.com\/web\/producto\/bicicleta-lightning-rin-12-gw-roja\/"},"modified":"2026-04-15T16:10:48","modified_gmt":"2026-04-15T21:10:48","slug":"bicicleta-lightning-rin-12-gw-roja","status":"publish","type":"product","link":"https:\/\/www.almacenflotablanca.com\/web\/producto\/bicicleta-lightning-rin-12-gw-roja\/","title":{"rendered":"Bicicleta Lightning rin 12 Gw Roja"},"content":{"rendered":"<p>Bicicleta Lightning rin 12 Gw Roja, Lighting, es la nueva bicicleta de GW rin 12 para ni\u00f1os y ni\u00f1as desde 5 hasta 7 a\u00f1os, muy vers\u00e1til y resistente por su marco GW de soldaduras reforzadas. Incluye accesorios lo que la hace a\u00fan m\u00e1s atractiva. Es otra l\u00ednea especial dise\u00f1ada para la diversi\u00f3n de los ni\u00f1os, incluye cubrecadena, Guardafangos, protector de marco con dise\u00f1o especial para la diversi\u00f3n y el juego a la hora de montar, contiene unas ruedas auxiliares esta es ideal para los ni\u00f1os que est\u00e1n comenzando a montar bicicleta puedan tener un mejor equilibrio que les permita adaptarse al movimiento sin temor de un tropiezo, ya que les permite estabilidad, agilidad y rendimiento a la hora de subir en la bicicleta, cumple los requisitos a la hora de divertirse, sus componentes son de buen funcionamiento, hechos en el mejor material resistente al impacto.<\/p>\n","protected":false},"excerpt":{"rendered":"<ul>\n<li> &#8211; Marco: Acero <\/li>\n<li> &#8211; Frenos V-brake <\/li>\n<li> &#8211; Tenedor de aluminio <\/li>\n<li> &#8211; Rin: Aluminio <\/li>\n<li> &#8211;  Edad apropiada desde los 2 a\u00f1os hasta los 4 a\u00f1os <\/li>\n<\/ul>\n","protected":false},"featured_media":233568,"template":"","meta":{"_et_pb_use_builder":"","_et_pb_old_content":"","_et_gb_content_width":""},"product_brand":[],"product_cat":[74,64],"product_tag":[],"class_list":{"0":"post-233572","1":"product","2":"type-product","3":"status-publish","4":"has-post-thumbnail","6":"product_cat-bicicletas","7":"product_cat-bicicletas-infantiles","9":"first","10":"outofstock","11":"taxable","12":"shipping-taxable","13":"purchasable","14":"product-type-simple"},"_links":{"self":[{"href":"https:\/\/www.almacenflotablanca.com\/web\/wp-json\/wp\/v2\/product\/233572","targetHints":{"allow":["GET"]}}],"collection":[{"href":"https:\/\/www.almacenflotablanca.com\/web\/wp-json\/wp\/v2\/product"}],"about":[{"href":"https:\/\/www.almacenflotablanca.com\/web\/wp-json\/wp\/v2\/types\/product"}],"wp:featuredmedia":[{"embeddable":true,"href":"https:\/\/www.almacenflotablanca.com\/web\/wp-json\/wp\/v2\/media\/233568"}],"wp:attachment":[{"href":"https:\/\/www.almacenflotablanca.com\/web\/wp-json\/wp\/v2\/media?parent=233572"}],"wp:term":[{"taxonomy":"product_brand","embeddable":true,"href":"https:\/\/www.almacenflotablanca.com\/web\/wp-json\/wp\/v2\/product_brand?post=233572"},{"taxonomy":"product_cat","embeddable":true,"href":"https:\/\/www.almacenflotablanca.com\/web\/wp-json\/wp\/v2\/product_cat?post=233572"},{"taxonomy":"product_tag","embeddable":true,"href":"https:\/\/www.almacenflotablanca.com\/web\/wp-json\/wp\/v2\/product_tag?post=233572"}],"curies":[{"name":"wp","href":"https:\/\/api.w.org\/{rel}","templated":true}]}}