{"id":233602,"date":"2021-09-07T16:30:29","date_gmt":"2021-09-07T21:30:29","guid":{"rendered":"https:\/\/www.almacenflotablanca.com\/web\/producto\/bicicleta-muddy-x1-rin-29-cliff\/"},"modified":"2026-04-15T16:12:15","modified_gmt":"2026-04-15T21:12:15","slug":"bicicleta-muddy-x1-rin-29-cliff","status":"publish","type":"product","link":"https:\/\/www.almacenflotablanca.com\/web\/producto\/bicicleta-muddy-x1-rin-29-cliff\/","title":{"rendered":"Bicicleta Muddy X1 Rin 29 Cliff Negra"},"content":{"rendered":"<p>Bicicleta Muddy X1 Rin 29 Cliff, con gran dise\u00f1o y rendimiento para que lleves al m\u00e1ximo tus rodadas, pedaleando por monta\u00f1as inalcanzables. Como resultado de dise\u00f1o e innovaci\u00f3n. Rin 29&#8243;, viene equipada con sistema de cambios  de 11 Velocidades, con monoplato  en aluminio. Cuenta con un sistema de mando de cambios de palancas que permiten mantener excelente relaci\u00f3n para los diferentes caminos que quieras recorrer. Tiene suspensi\u00f3n  de bloqueo para rodar por todo tipo de terreno <\/p>\n<p>Adem\u00e1s el agarre de las ruedas con labrado mixto, permite que tengas mejor desempe\u00f1o y ruedes sobre cualquier tipo de terreno, monta\u00f1a y ciudad.<\/p>\n","protected":false},"excerpt":{"rendered":"<ul>\n<li> &#8211; Marco: aluminio ultraliviano <\/li>\n<li> &#8211; Tenedor: con bloqueo de suspensi\u00f3n <\/li>\n<li> &#8211; Rines: en aluminio  <\/li>\n<li> &#8211; Frenos: disco hidr\u00e1ulico <\/li>\n<\/ul>\n","protected":false},"featured_media":233598,"template":"","meta":{"_et_pb_use_builder":"","_et_pb_old_content":"","_et_gb_content_width":""},"product_brand":[],"product_cat":[74,138],"product_tag":[],"class_list":{"0":"post-233602","1":"product","2":"type-product","3":"status-publish","4":"has-post-thumbnail","6":"product_cat-bicicletas","7":"product_cat-bicicletas-de-montana","9":"first","10":"outofstock","11":"taxable","12":"shipping-taxable","13":"purchasable","14":"product-type-simple"},"_links":{"self":[{"href":"https:\/\/www.almacenflotablanca.com\/web\/wp-json\/wp\/v2\/product\/233602","targetHints":{"allow":["GET"]}}],"collection":[{"href":"https:\/\/www.almacenflotablanca.com\/web\/wp-json\/wp\/v2\/product"}],"about":[{"href":"https:\/\/www.almacenflotablanca.com\/web\/wp-json\/wp\/v2\/types\/product"}],"wp:featuredmedia":[{"embeddable":true,"href":"https:\/\/www.almacenflotablanca.com\/web\/wp-json\/wp\/v2\/media\/233598"}],"wp:attachment":[{"href":"https:\/\/www.almacenflotablanca.com\/web\/wp-json\/wp\/v2\/media?parent=233602"}],"wp:term":[{"taxonomy":"product_brand","embeddable":true,"href":"https:\/\/www.almacenflotablanca.com\/web\/wp-json\/wp\/v2\/product_brand?post=233602"},{"taxonomy":"product_cat","embeddable":true,"href":"https:\/\/www.almacenflotablanca.com\/web\/wp-json\/wp\/v2\/product_cat?post=233602"},{"taxonomy":"product_tag","embeddable":true,"href":"https:\/\/www.almacenflotablanca.com\/web\/wp-json\/wp\/v2\/product_tag?post=233602"}],"curies":[{"name":"wp","href":"https:\/\/api.w.org\/{rel}","templated":true}]}}