{"id":233618,"date":"2021-09-07T23:45:36","date_gmt":"2021-09-08T04:45:36","guid":{"rendered":"https:\/\/www.almacenflotablanca.com\/web\/producto\/patineta-plegable-con-humo-scooter-azul\/"},"modified":"2026-04-15T16:11:32","modified_gmt":"2026-04-15T21:11:32","slug":"patineta-plegable-con-humo-scooter-azul","status":"publish","type":"product","link":"https:\/\/www.almacenflotablanca.com\/web\/producto\/patineta-plegable-con-humo-scooter-azul\/","title":{"rendered":"Patineta Plegable Con Humo Scooter Azul"},"content":{"rendered":"<p>Patineta Plegable Con Humo Scooter Azul, con esta patineta tus hijos se divertir\u00e1n como nunca, sencilla y f\u00e1cil de usar, tiene bluetooth incorporado para que escuchen la m\u00fasica que deseen mientras patinan, luces traseras en el turbo y en las ruedas, y agrega un poco de agua en las turbinas y tendr\u00e1s humo espectacular, como si volaras, es ideal como regalo de cumplea\u00f1os o navidad, el regalo que todo ni\u00f1o o ni\u00f1a desea. Productos de calidad garantizada que se acomodan a tus necesidades y gustos.<\/p>\n","protected":false},"excerpt":{"rendered":"<ul>\n<li> &#8211; Material del cuerpo: Aluminio Nylon PP (Polipropileno) <\/li>\n<li> &#8211; Plegable, f\u00e1cil de guardar y llevar <\/li>\n<li> &#8211; Ideal para ni\u00f1os de 6 a\u00f1os en adelante <\/li>\n<li> &#8211; Freno de pie en la llanta trasera <\/li>\n<\/ul>\n","protected":false},"featured_media":233615,"template":"","meta":{"_et_pb_use_builder":"","_et_pb_old_content":"","_et_gb_content_width":""},"product_brand":[],"product_cat":[63,60],"product_tag":[],"class_list":{"0":"post-233618","1":"product","2":"type-product","3":"status-publish","4":"has-post-thumbnail","6":"product_cat-jugueteria","7":"product_cat-patinetas","9":"first","10":"outofstock","11":"taxable","12":"shipping-taxable","13":"purchasable","14":"product-type-simple"},"_links":{"self":[{"href":"https:\/\/www.almacenflotablanca.com\/web\/wp-json\/wp\/v2\/product\/233618","targetHints":{"allow":["GET"]}}],"collection":[{"href":"https:\/\/www.almacenflotablanca.com\/web\/wp-json\/wp\/v2\/product"}],"about":[{"href":"https:\/\/www.almacenflotablanca.com\/web\/wp-json\/wp\/v2\/types\/product"}],"wp:featuredmedia":[{"embeddable":true,"href":"https:\/\/www.almacenflotablanca.com\/web\/wp-json\/wp\/v2\/media\/233615"}],"wp:attachment":[{"href":"https:\/\/www.almacenflotablanca.com\/web\/wp-json\/wp\/v2\/media?parent=233618"}],"wp:term":[{"taxonomy":"product_brand","embeddable":true,"href":"https:\/\/www.almacenflotablanca.com\/web\/wp-json\/wp\/v2\/product_brand?post=233618"},{"taxonomy":"product_cat","embeddable":true,"href":"https:\/\/www.almacenflotablanca.com\/web\/wp-json\/wp\/v2\/product_cat?post=233618"},{"taxonomy":"product_tag","embeddable":true,"href":"https:\/\/www.almacenflotablanca.com\/web\/wp-json\/wp\/v2\/product_tag?post=233618"}],"curies":[{"name":"wp","href":"https:\/\/api.w.org\/{rel}","templated":true}]}}