{"id":233635,"date":"2021-09-08T23:18:34","date_gmt":"2021-09-09T04:18:34","guid":{"rendered":"https:\/\/www.almacenflotablanca.com\/web\/producto\/patineta-scooter-aluminio-negra\/"},"modified":"2026-04-15T16:11:45","modified_gmt":"2026-04-15T21:11:45","slug":"patineta-scooter-aluminio-negra","status":"publish","type":"product","link":"https:\/\/www.almacenflotablanca.com\/web\/producto\/patineta-scooter-aluminio-negra\/","title":{"rendered":"Patineta Scooter Aluminio Negra"},"content":{"rendered":"<p>Patineta Scooter Aluminio Negra, espectacular patineta es ideal para ayudar al desarrollo f\u00edsico de los ni\u00f1os de 3 a 12 a\u00f1os, resiste hasta 70 Kg, brinda estabilidad y seguridad al ni\u00f1o gracias a las 2 ruedas para un movimiento m\u00e1s r\u00e1pido y silencioso en el pavimento. Patineta monopat\u00edn Scooter 2 Ruedas. Plegable, f\u00e1cil de guardar y llevar. Ideal para ni\u00f1os de 3 a 12 a\u00f1os manillar graduable f\u00e1cilmente a 3 alturas diferentes. Apoya pies ancho y antideslizante. Marco en aluminio de alta calidad. Pl\u00e1stico endurecido de larga duraci\u00f3n.<\/p>\n","protected":false},"excerpt":{"rendered":"<ul>\n<li> &#8211; Material: Pl\u00e1stico y Metal <\/li>\n<li> &#8211; Manijas suaves de goma <\/li>\n<li> &#8211; Pl\u00e1stico endurecido de larga duraci\u00f3n <\/li>\n<li> &#8211; F\u00e1cil de ensamblar y desmontar <\/li>\n<\/ul>\n","protected":false},"featured_media":233631,"template":"","meta":{"_et_pb_use_builder":"","_et_pb_old_content":"","_et_gb_content_width":""},"product_brand":[],"product_cat":[63,60],"product_tag":[],"class_list":{"0":"post-233635","1":"product","2":"type-product","3":"status-publish","4":"has-post-thumbnail","6":"product_cat-jugueteria","7":"product_cat-patinetas","9":"first","10":"outofstock","11":"taxable","12":"shipping-taxable","13":"purchasable","14":"product-type-simple"},"_links":{"self":[{"href":"https:\/\/www.almacenflotablanca.com\/web\/wp-json\/wp\/v2\/product\/233635","targetHints":{"allow":["GET"]}}],"collection":[{"href":"https:\/\/www.almacenflotablanca.com\/web\/wp-json\/wp\/v2\/product"}],"about":[{"href":"https:\/\/www.almacenflotablanca.com\/web\/wp-json\/wp\/v2\/types\/product"}],"wp:featuredmedia":[{"embeddable":true,"href":"https:\/\/www.almacenflotablanca.com\/web\/wp-json\/wp\/v2\/media\/233631"}],"wp:attachment":[{"href":"https:\/\/www.almacenflotablanca.com\/web\/wp-json\/wp\/v2\/media?parent=233635"}],"wp:term":[{"taxonomy":"product_brand","embeddable":true,"href":"https:\/\/www.almacenflotablanca.com\/web\/wp-json\/wp\/v2\/product_brand?post=233635"},{"taxonomy":"product_cat","embeddable":true,"href":"https:\/\/www.almacenflotablanca.com\/web\/wp-json\/wp\/v2\/product_cat?post=233635"},{"taxonomy":"product_tag","embeddable":true,"href":"https:\/\/www.almacenflotablanca.com\/web\/wp-json\/wp\/v2\/product_tag?post=233635"}],"curies":[{"name":"wp","href":"https:\/\/api.w.org\/{rel}","templated":true}]}}