{"id":233641,"date":"2021-09-08T23:36:07","date_gmt":"2021-09-09T04:36:07","guid":{"rendered":"https:\/\/www.almacenflotablanca.com\/web\/producto\/bicicleta-alma-h30-rin-29-orbea-azul\/"},"modified":"2026-04-15T16:11:26","modified_gmt":"2026-04-15T21:11:26","slug":"bicicleta-alma-h30-rin-29-orbea-azul","status":"publish","type":"product","link":"https:\/\/www.almacenflotablanca.com\/web\/producto\/bicicleta-alma-h30-rin-29-orbea-azul\/","title":{"rendered":"Bicicleta Alma H30 Rin 29 Orbea Azul"},"content":{"rendered":"<p>Bicicleta Alma H30 Rin 29 Orbea Azul, alma es para los m\u00e1s r\u00e1pidos, Orbea actualiza su cuadro de aluminio con un buen equipamiento y con una calidad precio brutal.<br \/>\nLa Orbea Alma H30 2021 es la candidata a ser la bicicleta de MTB m\u00e1s equilibrada con un rompedor precio por debajo de los mil euros. Una transmisi\u00f3n de 12 velocidades y una horquilla Rock Shox de aire son un acierto, estamos seguros de que con esta bicicleta vas a ir r\u00e1pido, muuuy r\u00e1pido y te har\u00e1 disfrutar de los senderos como nunca antes.<\/p>\n","protected":false},"excerpt":{"rendered":"<ul>\n<li>&#8211; Potencia alloy 31.8mm interface 7\u00ba<\/li>\n<li>&#8211; Manetas shimano deore m6100<\/li>\n<li>&#8211; Freno shimano mt201 hydraulic disc<\/li>\n<li>&#8211; Cambio shimano deore m6100 sgs shadow plus<\/li>\n<li>&#8211; Cadena kmc x12<\/li>\n<\/ul>\n","protected":false},"featured_media":233636,"template":"","meta":{"_et_pb_use_builder":"","_et_pb_old_content":"","_et_gb_content_width":""},"product_brand":[],"product_cat":[74,138],"product_tag":[],"class_list":{"0":"post-233641","1":"product","2":"type-product","3":"status-publish","4":"has-post-thumbnail","6":"product_cat-bicicletas","7":"product_cat-bicicletas-de-montana","9":"first","10":"outofstock","11":"taxable","12":"shipping-taxable","13":"purchasable","14":"product-type-simple"},"_links":{"self":[{"href":"https:\/\/www.almacenflotablanca.com\/web\/wp-json\/wp\/v2\/product\/233641","targetHints":{"allow":["GET"]}}],"collection":[{"href":"https:\/\/www.almacenflotablanca.com\/web\/wp-json\/wp\/v2\/product"}],"about":[{"href":"https:\/\/www.almacenflotablanca.com\/web\/wp-json\/wp\/v2\/types\/product"}],"wp:featuredmedia":[{"embeddable":true,"href":"https:\/\/www.almacenflotablanca.com\/web\/wp-json\/wp\/v2\/media\/233636"}],"wp:attachment":[{"href":"https:\/\/www.almacenflotablanca.com\/web\/wp-json\/wp\/v2\/media?parent=233641"}],"wp:term":[{"taxonomy":"product_brand","embeddable":true,"href":"https:\/\/www.almacenflotablanca.com\/web\/wp-json\/wp\/v2\/product_brand?post=233641"},{"taxonomy":"product_cat","embeddable":true,"href":"https:\/\/www.almacenflotablanca.com\/web\/wp-json\/wp\/v2\/product_cat?post=233641"},{"taxonomy":"product_tag","embeddable":true,"href":"https:\/\/www.almacenflotablanca.com\/web\/wp-json\/wp\/v2\/product_tag?post=233641"}],"curies":[{"name":"wp","href":"https:\/\/api.w.org\/{rel}","templated":true}]}}