{"id":233716,"date":"2021-09-10T12:18:53","date_gmt":"2021-09-10T17:18:53","guid":{"rendered":"https:\/\/www.almacenflotablanca.com\/web\/producto\/bicicleta-rin-20-nina-gw-morada\/"},"modified":"2026-04-15T16:12:17","modified_gmt":"2026-04-15T21:12:17","slug":"bicicleta-rin-20-nina-gw-morada","status":"publish","type":"product","link":"https:\/\/www.almacenflotablanca.com\/web\/producto\/bicicleta-rin-20-nina-gw-morada\/","title":{"rendered":"Bicicleta Rin 20 Ni\u00f1a Gw Rosada"},"content":{"rendered":"<p>Bicicleta Rin 20 Ni\u00f1a Gw Morada, esta es la fabulosa bicicleta de GW para ni\u00f1os y ni\u00f1as desde 7 hasta 12 a\u00f1os, su dise\u00f1o es muy vers\u00e1til y resistente, gracias a su marco GW de soldaduras reforzadas. Adem\u00e1s tiene rin 20, llantas de goma, y lo mejor es que est\u00e1 elaborada en material de acero. Incluye accesorios lo que la hace a\u00fan m\u00e1s atractiva. Incluye canasta frontal, botilito, pito, espejo, silla para mu\u00f1ecas trasera, tapa cadena, ruedas auxiliares. Es completamente acolchada para que tu ni\u00f1a se sienta c\u00f3moda, maneja un timbre en la parte del volante, podr\u00e1s adaptar el sill\u00edn a la medida que desees.<\/p>\n","protected":false},"excerpt":{"rendered":"<ul>\n<li> &#8211; Marco en Acero <\/li>\n<li> &#8211; Tipo de freno: Caliper <\/li>\n<li> &#8211; Ideal para ni\u00f1as de 7 a 12 a\u00f1os <\/li>\n<li> &#8211; Rin: 20 &#8211; Aluminio <\/li>\n<\/ul>\n","protected":false},"featured_media":236654,"template":"","meta":{"_et_pb_use_builder":"","_et_pb_old_content":"","_et_gb_content_width":""},"product_brand":[],"product_cat":[74,64],"product_tag":[],"class_list":{"0":"post-233716","1":"product","2":"type-product","3":"status-publish","4":"has-post-thumbnail","6":"product_cat-bicicletas","7":"product_cat-bicicletas-infantiles","9":"first","10":"outofstock","11":"taxable","12":"shipping-taxable","13":"purchasable","14":"product-type-simple"},"_links":{"self":[{"href":"https:\/\/www.almacenflotablanca.com\/web\/wp-json\/wp\/v2\/product\/233716","targetHints":{"allow":["GET"]}}],"collection":[{"href":"https:\/\/www.almacenflotablanca.com\/web\/wp-json\/wp\/v2\/product"}],"about":[{"href":"https:\/\/www.almacenflotablanca.com\/web\/wp-json\/wp\/v2\/types\/product"}],"wp:featuredmedia":[{"embeddable":true,"href":"https:\/\/www.almacenflotablanca.com\/web\/wp-json\/wp\/v2\/media\/236654"}],"wp:attachment":[{"href":"https:\/\/www.almacenflotablanca.com\/web\/wp-json\/wp\/v2\/media?parent=233716"}],"wp:term":[{"taxonomy":"product_brand","embeddable":true,"href":"https:\/\/www.almacenflotablanca.com\/web\/wp-json\/wp\/v2\/product_brand?post=233716"},{"taxonomy":"product_cat","embeddable":true,"href":"https:\/\/www.almacenflotablanca.com\/web\/wp-json\/wp\/v2\/product_cat?post=233716"},{"taxonomy":"product_tag","embeddable":true,"href":"https:\/\/www.almacenflotablanca.com\/web\/wp-json\/wp\/v2\/product_tag?post=233716"}],"curies":[{"name":"wp","href":"https:\/\/api.w.org\/{rel}","templated":true}]}}