{"id":233724,"date":"2021-09-15T00:33:19","date_gmt":"2021-09-15T05:33:19","guid":{"rendered":"https:\/\/www.almacenflotablanca.com\/web\/producto\/llanta-de-bicicleta-29x2-35-rock-wolf-chaoyang-negra\/"},"modified":"2026-04-15T16:11:43","modified_gmt":"2026-04-15T21:11:43","slug":"llanta-de-bicicleta-29x2-35-rock-wolf-chaoyang-negra","status":"publish","type":"product","link":"https:\/\/www.almacenflotablanca.com\/web\/producto\/llanta-de-bicicleta-29x2-35-rock-wolf-chaoyang-negra\/","title":{"rendered":"Llanta De Bicicleta 29&#215;2.35 Rock Wolf Chaoyang Negra"},"content":{"rendered":"<p>Llanta De Bicicleta 29&#215;2.35 Rock Wolf Chaoyang Negra, el dise\u00f1o de perillas grandes y distantes le da al Rock Wolf la capacidad de limpiar el lodo. Los bloques cuadrados con rampas regulares para una baja resistencia a la rodadura, junto con el hombro con agarre, hacen que el perfil cuadrado sea el arma ideal para el uso en senderos y viajes libres.<\/p>\n<p>El dise\u00f1o peque\u00f1o y compacto de tacos peque\u00f1os garantiza una aceleraci\u00f3n r\u00e1pida y una conducci\u00f3n confortable. Las conexiones entre los bloques mejoran el rendimiento r\u00edgido y la funci\u00f3n antipinchazo. Los tacos en el hombro de la llanta dan mayor seguridad de agarre en las curvas. Construcci\u00f3n en Kevlar lo que la hace muy ligera y duradera.<\/p>\n","protected":false},"excerpt":{"rendered":"<ul>\n<li>&#8211; Tama\u00f1o de Rin: 29\u00bb<\/li>\n<li>&#8211; Color; Negra<\/li>\n<li>&#8211; Kevlar, alta resistencia<\/li>\n<li>&#8211; Modelo: Rock Wolf<\/li>\n<\/ul>\n","protected":false},"featured_media":233721,"template":"","meta":{"_et_pb_use_builder":"","_et_pb_old_content":"","_et_gb_content_width":""},"product_brand":[],"product_cat":[74,180],"product_tag":[],"class_list":{"0":"post-233724","1":"product","2":"type-product","3":"status-publish","4":"has-post-thumbnail","6":"product_cat-bicicletas","7":"product_cat-repuestos","9":"first","10":"outofstock","11":"taxable","12":"shipping-taxable","13":"purchasable","14":"product-type-simple"},"_links":{"self":[{"href":"https:\/\/www.almacenflotablanca.com\/web\/wp-json\/wp\/v2\/product\/233724","targetHints":{"allow":["GET"]}}],"collection":[{"href":"https:\/\/www.almacenflotablanca.com\/web\/wp-json\/wp\/v2\/product"}],"about":[{"href":"https:\/\/www.almacenflotablanca.com\/web\/wp-json\/wp\/v2\/types\/product"}],"wp:featuredmedia":[{"embeddable":true,"href":"https:\/\/www.almacenflotablanca.com\/web\/wp-json\/wp\/v2\/media\/233721"}],"wp:attachment":[{"href":"https:\/\/www.almacenflotablanca.com\/web\/wp-json\/wp\/v2\/media?parent=233724"}],"wp:term":[{"taxonomy":"product_brand","embeddable":true,"href":"https:\/\/www.almacenflotablanca.com\/web\/wp-json\/wp\/v2\/product_brand?post=233724"},{"taxonomy":"product_cat","embeddable":true,"href":"https:\/\/www.almacenflotablanca.com\/web\/wp-json\/wp\/v2\/product_cat?post=233724"},{"taxonomy":"product_tag","embeddable":true,"href":"https:\/\/www.almacenflotablanca.com\/web\/wp-json\/wp\/v2\/product_tag?post=233724"}],"curies":[{"name":"wp","href":"https:\/\/api.w.org\/{rel}","templated":true}]}}