{"id":233730,"date":"2021-09-15T01:23:22","date_gmt":"2021-09-15T06:23:22","guid":{"rendered":"https:\/\/www.almacenflotablanca.com\/web\/producto\/juego-de-freno-disco-hidraulico-logan-negro\/"},"modified":"2026-04-15T16:11:45","modified_gmt":"2026-04-15T21:11:45","slug":"juego-de-freno-disco-hidraulico-logan-negro","status":"publish","type":"product","link":"https:\/\/www.almacenflotablanca.com\/web\/producto\/juego-de-freno-disco-hidraulico-logan-negro\/","title":{"rendered":"Juego De Freno Disco Hidr\u00e1ulico Logan Negro"},"content":{"rendered":"<p>Juego De Freno Disco Hidr\u00e1ulico Logan Negro, con l\u00edquido de frenos en las mangueras que conectan las palancas y mordazas o Listo para el uso y as\u00ed pueda actualizar su sistema de frenos, incluye Pastillas, compatible con l\u00edquido de frenos, Pastillas b01s, ojivas y conectores, las manzanas son en aluminio, tipo cassette para pacha de 8\/9\/10 vel, con rotores de 6. Listo para usar, lleno y f\u00e1cil de montar. Con la almohadilla de freno de resina (Incluida). La palanca de freno ergon\u00f3mica de 3 dedos permite una dosificaci\u00f3n precisa. Incluye: palanca, mordaza, manguera y pastillas. Todo purgado y listo para usar<\/p>\n","protected":false},"excerpt":{"rendered":"<ul>\n<li>&#8211; Material: Acero y Aluminio<\/li>\n<li>&#8211; Rotor Logan<\/li>\n<li>&#8211; Anclaje: 6 tornillos<\/li>\n<li>&#8211; Di\u00e1metro: 160mm<\/li>\n<\/ul>\n","protected":false},"featured_media":233725,"template":"","meta":{"_et_pb_use_builder":"","_et_pb_old_content":"","_et_gb_content_width":""},"product_brand":[],"product_cat":[74,180],"product_tag":[],"class_list":{"0":"post-233730","1":"product","2":"type-product","3":"status-publish","4":"has-post-thumbnail","6":"product_cat-bicicletas","7":"product_cat-repuestos","9":"first","10":"instock","11":"taxable","12":"shipping-taxable","13":"purchasable","14":"product-type-simple"},"_links":{"self":[{"href":"https:\/\/www.almacenflotablanca.com\/web\/wp-json\/wp\/v2\/product\/233730","targetHints":{"allow":["GET"]}}],"collection":[{"href":"https:\/\/www.almacenflotablanca.com\/web\/wp-json\/wp\/v2\/product"}],"about":[{"href":"https:\/\/www.almacenflotablanca.com\/web\/wp-json\/wp\/v2\/types\/product"}],"wp:featuredmedia":[{"embeddable":true,"href":"https:\/\/www.almacenflotablanca.com\/web\/wp-json\/wp\/v2\/media\/233725"}],"wp:attachment":[{"href":"https:\/\/www.almacenflotablanca.com\/web\/wp-json\/wp\/v2\/media?parent=233730"}],"wp:term":[{"taxonomy":"product_brand","embeddable":true,"href":"https:\/\/www.almacenflotablanca.com\/web\/wp-json\/wp\/v2\/product_brand?post=233730"},{"taxonomy":"product_cat","embeddable":true,"href":"https:\/\/www.almacenflotablanca.com\/web\/wp-json\/wp\/v2\/product_cat?post=233730"},{"taxonomy":"product_tag","embeddable":true,"href":"https:\/\/www.almacenflotablanca.com\/web\/wp-json\/wp\/v2\/product_tag?post=233730"}],"curies":[{"name":"wp","href":"https:\/\/api.w.org\/{rel}","templated":true}]}}