{"id":233786,"date":"2021-09-22T23:21:13","date_gmt":"2021-09-23T04:21:13","guid":{"rendered":"https:\/\/www.almacenflotablanca.com\/web\/producto\/bicicleta-elara-rin-26-aluminio-gw-azul\/"},"modified":"2026-04-15T16:12:13","modified_gmt":"2026-04-15T21:12:13","slug":"bicicleta-elara-rin-26-aluminio-gw-azul","status":"publish","type":"product","link":"https:\/\/www.almacenflotablanca.com\/web\/producto\/bicicleta-elara-rin-26-aluminio-gw-azul\/","title":{"rendered":"Bicicleta Elara Rin 26 Aluminio Gw Azul"},"content":{"rendered":"<p>Bicicleta Elara Rin 26 Aluminio Gw Azul, nuestras bicicletas cuentan con componentes de excelente calidad, los cuales te brindaran la confianza y seguridad que necesitas, Mu\u00e9vete por donde quieras, por nuestras hermosas monta\u00f1as o por la ciudad, usa tu bicicleta para disfrutar de un d\u00eda de paseo por zonas rurales o para que vayas a tu trabajo, estudio o para que simplemente te diviertas.<\/p>\n<p>Adem\u00e1s, nuestras bicicletas proporcionan la resistencia que siempre has buscado en una bici, permiti\u00e9ndote recorrer cortas o largas distancias, As\u00ed que aprovecha esta oportunidad y ll\u00e9vate esta excelente bicicleta fabricada y ensamblada especialmente para ti. Nuestras bicicletas cuentan con componentes de excelente calidad, los cuales te brindaran la confianza y seguridad que necesitas<\/p>\n","protected":false},"excerpt":{"rendered":"<ul>\n<li>&#8211; Material: Aluminio<\/li>\n<li>&#8211; Frenos Vbrake<\/li>\n<li>&#8211; Colores variados<\/li>\n<li>&#8211; 7 velocidades<\/li>\n<li>&#8211; Palancas integradas Shimano<\/li>\n<li>&#8211; Edad: desde los 14 a\u00f1os en adelante<\/li>\n<\/ul>\n","protected":false},"featured_media":233783,"template":"","meta":{"_et_pb_use_builder":"","_et_pb_old_content":"","_et_gb_content_width":""},"product_brand":[],"product_cat":[74,138],"product_tag":[],"class_list":{"0":"post-233786","1":"product","2":"type-product","3":"status-publish","4":"has-post-thumbnail","6":"product_cat-bicicletas","7":"product_cat-bicicletas-de-montana","9":"first","10":"outofstock","11":"taxable","12":"shipping-taxable","13":"purchasable","14":"product-type-simple"},"_links":{"self":[{"href":"https:\/\/www.almacenflotablanca.com\/web\/wp-json\/wp\/v2\/product\/233786","targetHints":{"allow":["GET"]}}],"collection":[{"href":"https:\/\/www.almacenflotablanca.com\/web\/wp-json\/wp\/v2\/product"}],"about":[{"href":"https:\/\/www.almacenflotablanca.com\/web\/wp-json\/wp\/v2\/types\/product"}],"wp:featuredmedia":[{"embeddable":true,"href":"https:\/\/www.almacenflotablanca.com\/web\/wp-json\/wp\/v2\/media\/233783"}],"wp:attachment":[{"href":"https:\/\/www.almacenflotablanca.com\/web\/wp-json\/wp\/v2\/media?parent=233786"}],"wp:term":[{"taxonomy":"product_brand","embeddable":true,"href":"https:\/\/www.almacenflotablanca.com\/web\/wp-json\/wp\/v2\/product_brand?post=233786"},{"taxonomy":"product_cat","embeddable":true,"href":"https:\/\/www.almacenflotablanca.com\/web\/wp-json\/wp\/v2\/product_cat?post=233786"},{"taxonomy":"product_tag","embeddable":true,"href":"https:\/\/www.almacenflotablanca.com\/web\/wp-json\/wp\/v2\/product_tag?post=233786"}],"curies":[{"name":"wp","href":"https:\/\/api.w.org\/{rel}","templated":true}]}}