{"id":233796,"date":"2021-09-23T23:16:36","date_gmt":"2021-09-24T04:16:36","guid":{"rendered":"https:\/\/www.almacenflotablanca.com\/web\/producto\/bicicleta-bmx-rin-20-micro-gw-verde\/"},"modified":"2026-04-15T16:12:17","modified_gmt":"2026-04-15T21:12:17","slug":"bicicleta-bmx-rin-20-micro-gw-verde","status":"publish","type":"product","link":"https:\/\/www.almacenflotablanca.com\/web\/producto\/bicicleta-bmx-rin-20-micro-gw-verde\/","title":{"rendered":"Bicicleta Bmx Rin 20 Micro Gw Verde"},"content":{"rendered":"<p>Bicicleta Bmx Rin 20 Micro Gw Verde, Adem\u00e1s el agarre de las ruedas con labrado mixto, permite que tengas mejor desempe\u00f1o y ruedes sobre cualquier tipo de terreno, monta\u00f1a y ciudad, cuenta con el reconocimiento, garant\u00eda y respaldo de la prestigiosa marca GW. Con gran dise\u00f1o y rendimiento para que lleves al m\u00e1ximo tus rodadas, pedaleando por monta\u00f1as inalcanzables, relaci\u00f3n Gw 34t, pi\u00f1\u00f3n 16, sus espectaculares rines: doble pared Gw aluminio. Manubrio bmx cross acero negro.<\/p>\n<p>Tenemos diferentes modelos de bicicletas, con el fin de ofrecer gran variedad a nuestros clientes en toda la l\u00ednea que tenemos a tu disposici\u00f3n, garantizando calidad e innovaci\u00f3n y lo mejor con el precio m\u00e1s atractivo del mercado.<\/p>\n","protected":false},"excerpt":{"rendered":"<ul>\n<li>&#8211; Material: acero<\/li>\n<li>&#8211; Bielas Bmx aluminio 145 mm<\/li>\n<li>&#8211; Suspensi\u00f3n: Tenedor GW<\/li>\n<li>&#8211; Frenos: Disco mec\u00e1nico<\/li>\n<li>&#8211; Edad: desde los 7 a\u00f1os en adelante<\/li>\n<\/ul>\n","protected":false},"featured_media":233791,"template":"","meta":{"_et_pb_use_builder":"","_et_pb_old_content":"","_et_gb_content_width":""},"product_brand":[],"product_cat":[74,170],"product_tag":[],"class_list":{"0":"post-233796","1":"product","2":"type-product","3":"status-publish","4":"has-post-thumbnail","6":"product_cat-bicicletas","7":"product_cat-bicicletas-de-bmx","9":"first","10":"outofstock","11":"taxable","12":"shipping-taxable","13":"purchasable","14":"product-type-simple"},"_links":{"self":[{"href":"https:\/\/www.almacenflotablanca.com\/web\/wp-json\/wp\/v2\/product\/233796","targetHints":{"allow":["GET"]}}],"collection":[{"href":"https:\/\/www.almacenflotablanca.com\/web\/wp-json\/wp\/v2\/product"}],"about":[{"href":"https:\/\/www.almacenflotablanca.com\/web\/wp-json\/wp\/v2\/types\/product"}],"wp:featuredmedia":[{"embeddable":true,"href":"https:\/\/www.almacenflotablanca.com\/web\/wp-json\/wp\/v2\/media\/233791"}],"wp:attachment":[{"href":"https:\/\/www.almacenflotablanca.com\/web\/wp-json\/wp\/v2\/media?parent=233796"}],"wp:term":[{"taxonomy":"product_brand","embeddable":true,"href":"https:\/\/www.almacenflotablanca.com\/web\/wp-json\/wp\/v2\/product_brand?post=233796"},{"taxonomy":"product_cat","embeddable":true,"href":"https:\/\/www.almacenflotablanca.com\/web\/wp-json\/wp\/v2\/product_cat?post=233796"},{"taxonomy":"product_tag","embeddable":true,"href":"https:\/\/www.almacenflotablanca.com\/web\/wp-json\/wp\/v2\/product_tag?post=233796"}],"curies":[{"name":"wp","href":"https:\/\/api.w.org\/{rel}","templated":true}]}}