{"id":233825,"date":"2021-09-28T12:18:14","date_gmt":"2021-09-28T17:18:14","guid":{"rendered":"https:\/\/www.almacenflotablanca.com\/web\/producto\/bicicleta-lizard-rin-24-cliff-negra\/"},"modified":"2026-04-15T16:12:15","modified_gmt":"2026-04-15T21:12:15","slug":"bicicleta-lizard-rin-24-cliff-negra","status":"publish","type":"product","link":"https:\/\/www.almacenflotablanca.com\/web\/producto\/bicicleta-lizard-rin-24-cliff-negra\/","title":{"rendered":"Bicicleta Lizard Rin 24 Cliff Negra"},"content":{"rendered":"<p>Bicicleta Lizard Rin 24 Cliff Negra, han sido dise\u00f1ados pensando en ofrecer caracter\u00edsticas de gran desempe\u00f1o propias de las marcas m\u00e1s reconocidas a nivel internacional, a un precio accesible para una mayor porci\u00f3n de la poblaci\u00f3n.<br \/>\nCLIFF es color y personalizaci\u00f3n; toda la l\u00ednea de productos se caracteriza por tener una amplia gama de colores, que va desde las tonalidades m\u00e1s sobrias y cl\u00e1sicas, hasta los colores que actualmente marcan tendencia en el ciclismo, de modo que el usuario podr\u00e1 personalizar su bicicleta y sus accesorios de la forma que m\u00e1s le guste. De calidad, diversidad y personalizaci\u00f3n en un rango de precios al que todos podr\u00e1n acceder.<\/p>\n","protected":false},"excerpt":{"rendered":"<ul>\n<li>&#8211; Marco en aluminio<\/li>\n<li>&#8211; Suspensi\u00f3n cliff<\/li>\n<li>&#8211; Palancas integradas shimano de 7 velocidades con triplato<\/li>\n<li>&#8211; Sistema de freno de disco mec\u00e1nico<\/li>\n<li>&#8211; Edad: desde los 10 a\u00f1os en adelante<\/li>\n<\/ul>\n","protected":false},"featured_media":233821,"template":"","meta":{"_et_pb_use_builder":"","_et_pb_old_content":"","_et_gb_content_width":""},"product_brand":[],"product_cat":[74,138],"product_tag":[],"class_list":{"0":"post-233825","1":"product","2":"type-product","3":"status-publish","4":"has-post-thumbnail","6":"product_cat-bicicletas","7":"product_cat-bicicletas-de-montana","9":"first","10":"outofstock","11":"taxable","12":"shipping-taxable","13":"purchasable","14":"product-type-simple"},"_links":{"self":[{"href":"https:\/\/www.almacenflotablanca.com\/web\/wp-json\/wp\/v2\/product\/233825","targetHints":{"allow":["GET"]}}],"collection":[{"href":"https:\/\/www.almacenflotablanca.com\/web\/wp-json\/wp\/v2\/product"}],"about":[{"href":"https:\/\/www.almacenflotablanca.com\/web\/wp-json\/wp\/v2\/types\/product"}],"wp:featuredmedia":[{"embeddable":true,"href":"https:\/\/www.almacenflotablanca.com\/web\/wp-json\/wp\/v2\/media\/233821"}],"wp:attachment":[{"href":"https:\/\/www.almacenflotablanca.com\/web\/wp-json\/wp\/v2\/media?parent=233825"}],"wp:term":[{"taxonomy":"product_brand","embeddable":true,"href":"https:\/\/www.almacenflotablanca.com\/web\/wp-json\/wp\/v2\/product_brand?post=233825"},{"taxonomy":"product_cat","embeddable":true,"href":"https:\/\/www.almacenflotablanca.com\/web\/wp-json\/wp\/v2\/product_cat?post=233825"},{"taxonomy":"product_tag","embeddable":true,"href":"https:\/\/www.almacenflotablanca.com\/web\/wp-json\/wp\/v2\/product_tag?post=233825"}],"curies":[{"name":"wp","href":"https:\/\/api.w.org\/{rel}","templated":true}]}}