{"id":233853,"date":"2021-10-04T23:51:54","date_gmt":"2021-10-05T04:51:54","guid":{"rendered":"https:\/\/www.almacenflotablanca.com\/web\/producto\/carro-deportivo-lamborghini-doris-amarillo\/"},"modified":"2026-04-15T16:11:36","modified_gmt":"2026-04-15T21:11:36","slug":"carro-deportivo-lamborghini-doris-amarillo","status":"publish","type":"product","link":"https:\/\/www.almacenflotablanca.com\/web\/producto\/carro-deportivo-lamborghini-doris-amarillo\/","title":{"rendered":"Carro Deportivo Lamborghini Doris Amarillo"},"content":{"rendered":"<p>Carro Deportivo Lamborghini Doris Amarillo, el carro el\u00e9ctrico tiene un hermoso y colorido dise\u00f1o deportivo, con dos puertas funcionales que se abren hacia arriba como un carro deportivo. Viene con suspensi\u00f3n delantera y trasera, interruptor para poner marcha delantera y trasera, cintur\u00f3n de seguridad en forma de arn\u00e9s un pedal de aceleraci\u00f3n. No usar en calles, autopistas, pendientes y otros terrenos peligrosos, use en terrenos de nivel parejo y que no sean superficies lisas como m\u00e1rmol o baldosas. Este producto es para un solo pasajero, no debe ser sobrecargado, su carga m\u00e1xima es de 25 kg los ni\u00f1os deben usarlo bajo la supervisi\u00f3n de un adulto.<\/p>\n<p>  El carro se debe cargar por el tiempo recomendado de 10 a 12 horas, exceder el tiempo de carga puede afectar la vida \u00fatil de la bater\u00eda, ponga en interruptor en apagado y desconecte la bater\u00eda en los periodos que no est\u00e9 usando el veh\u00edculo. El carro est\u00e1 hecho mayormente de pl\u00e1stico PP, no t\u00f3xico, sin radiaci\u00f3n, seguro para un uso de 3 a\u00f1os.<\/p>\n","protected":false},"excerpt":{"rendered":"<p>Carro Deportivo Lamborghini Doris Amarillo, el carro el\u00e9ctrico tiene un hermoso y colorido dise\u00f1o deportivo, con dos puertas funcionales que se abren hacia arriba como un carro deportivo. Viene con suspensi\u00f3n delantera y trasera, interruptor para poner marcha delantera y trasera, cintur\u00f3n de seguridad en forma de arn\u00e9s un pedal de aceleraci\u00f3n. No usar en [&hellip;]<\/p>\n","protected":false},"featured_media":237073,"template":"","meta":{"_et_pb_use_builder":"","_et_pb_old_content":"","_et_gb_content_width":""},"product_brand":[],"product_cat":[72,63],"product_tag":[],"class_list":{"0":"post-233853","1":"product","2":"type-product","3":"status-publish","4":"has-post-thumbnail","6":"product_cat-carros-de-bateria","7":"product_cat-jugueteria","9":"first","10":"outofstock","11":"taxable","12":"shipping-taxable","13":"purchasable","14":"product-type-simple"},"_links":{"self":[{"href":"https:\/\/www.almacenflotablanca.com\/web\/wp-json\/wp\/v2\/product\/233853","targetHints":{"allow":["GET"]}}],"collection":[{"href":"https:\/\/www.almacenflotablanca.com\/web\/wp-json\/wp\/v2\/product"}],"about":[{"href":"https:\/\/www.almacenflotablanca.com\/web\/wp-json\/wp\/v2\/types\/product"}],"wp:featuredmedia":[{"embeddable":true,"href":"https:\/\/www.almacenflotablanca.com\/web\/wp-json\/wp\/v2\/media\/237073"}],"wp:attachment":[{"href":"https:\/\/www.almacenflotablanca.com\/web\/wp-json\/wp\/v2\/media?parent=233853"}],"wp:term":[{"taxonomy":"product_brand","embeddable":true,"href":"https:\/\/www.almacenflotablanca.com\/web\/wp-json\/wp\/v2\/product_brand?post=233853"},{"taxonomy":"product_cat","embeddable":true,"href":"https:\/\/www.almacenflotablanca.com\/web\/wp-json\/wp\/v2\/product_cat?post=233853"},{"taxonomy":"product_tag","embeddable":true,"href":"https:\/\/www.almacenflotablanca.com\/web\/wp-json\/wp\/v2\/product_tag?post=233853"}],"curies":[{"name":"wp","href":"https:\/\/api.w.org\/{rel}","templated":true}]}}