{"id":233906,"date":"2021-10-30T13:16:09","date_gmt":"2021-10-30T18:16:09","guid":{"rendered":"https:\/\/www.almacenflotablanca.com\/web\/producto\/carro-montable-de-bateria-para-nino-negro\/"},"modified":"2026-04-15T16:12:05","modified_gmt":"2026-04-15T21:12:05","slug":"carro-montable-de-bateria-para-nino-negro","status":"publish","type":"product","link":"https:\/\/www.almacenflotablanca.com\/web\/producto\/carro-montable-de-bateria-para-nino-negro\/","title":{"rendered":"Carro Montable De Bater\u00eda Para Ni\u00f1o Negro"},"content":{"rendered":"<p>Carro Montable De Bater\u00eda Para Ni\u00f1o Negro, pedal el\u00e9ctrico controlado y 2.4G controlado a distancia, unas de sus funciones con MP3, USB, toma SD y pantalla de alimentaci\u00f3n.<br \/>\nCon luces delanteras y traseras. Alarma de baja potencia para jugador, cuatro ruedas con suspensi\u00f3n. Un veh\u00edculo todoterreno para carreteras rurales. Tracci\u00f3n en DOS ruedas, amortiguadores y grandes ruedas en pasta de alta resistencia, toda la funcionalidad est\u00e1 dise\u00f1ada para superar secciones dif\u00edciles, cuenta con dos asientos en pasta para proporcionar un viaje c\u00f3modo tanto para el conductor como para el pasajero.<br \/>\nBater\u00eda:<br \/>\nTwo motors(120W*2,RPM 20000), Bater\u00eda:12V10A Four motors(35-45W*4,RPM 10000), Bater\u00eda:12V10A<br \/>\nTwo motors(200W*2,RPM 18000), Bater\u00eda:24V7A Four motors(60W*4,RPM 12000), Bater\u00eda:24V7A<\/p>\n","protected":false},"excerpt":{"rendered":"<ul>\n<li> &#8211; Para control remoto <\/li>\n<li> &#8211; Tama\u00f1o de control: 150 * 82 * 46 CM \/ CBM: 0,567 <\/li>\n<li> &#8211; Colores: Negro con naranja + blanco <\/li>\n<li> &#8211; Color sujeto a disponibilidad <\/li>\n<\/ul>\n","protected":false},"featured_media":233904,"template":"","meta":{"_et_pb_use_builder":"","_et_pb_old_content":"","_et_gb_content_width":""},"product_brand":[],"product_cat":[72,63],"product_tag":[],"class_list":{"0":"post-233906","1":"product","2":"type-product","3":"status-publish","4":"has-post-thumbnail","6":"product_cat-carros-de-bateria","7":"product_cat-jugueteria","9":"first","10":"outofstock","11":"taxable","12":"shipping-taxable","13":"purchasable","14":"product-type-simple"},"_links":{"self":[{"href":"https:\/\/www.almacenflotablanca.com\/web\/wp-json\/wp\/v2\/product\/233906","targetHints":{"allow":["GET"]}}],"collection":[{"href":"https:\/\/www.almacenflotablanca.com\/web\/wp-json\/wp\/v2\/product"}],"about":[{"href":"https:\/\/www.almacenflotablanca.com\/web\/wp-json\/wp\/v2\/types\/product"}],"wp:featuredmedia":[{"embeddable":true,"href":"https:\/\/www.almacenflotablanca.com\/web\/wp-json\/wp\/v2\/media\/233904"}],"wp:attachment":[{"href":"https:\/\/www.almacenflotablanca.com\/web\/wp-json\/wp\/v2\/media?parent=233906"}],"wp:term":[{"taxonomy":"product_brand","embeddable":true,"href":"https:\/\/www.almacenflotablanca.com\/web\/wp-json\/wp\/v2\/product_brand?post=233906"},{"taxonomy":"product_cat","embeddable":true,"href":"https:\/\/www.almacenflotablanca.com\/web\/wp-json\/wp\/v2\/product_cat?post=233906"},{"taxonomy":"product_tag","embeddable":true,"href":"https:\/\/www.almacenflotablanca.com\/web\/wp-json\/wp\/v2\/product_tag?post=233906"}],"curies":[{"name":"wp","href":"https:\/\/api.w.org\/{rel}","templated":true}]}}