{"id":233915,"date":"2021-10-30T13:18:59","date_gmt":"2021-10-30T18:18:59","guid":{"rendered":"https:\/\/www.almacenflotablanca.com\/web\/producto\/carro-montable-para-nino-negro\/"},"modified":"2026-04-15T16:12:05","modified_gmt":"2026-04-15T21:12:05","slug":"carro-montable-para-nino-negro","status":"publish","type":"product","link":"https:\/\/www.almacenflotablanca.com\/web\/producto\/carro-montable-para-nino-negro\/","title":{"rendered":"Carro Montable Para Ni\u00f1o Negro"},"content":{"rendered":"<p>Carro Montable Para Ni\u00f1o Negro, pedal el\u00e9ctrico controlado 2.4G teledirigido,  una de sus funciones vienen con MP3, toma USB y funci\u00f3n de radio FM con luces con suspensi\u00f3n en las cuatro ruedas, las cuales son en pasta de alta resistencia. Cuenta con bater\u00eda de 12V y 4.5A, acondicionado con dos c\u00f3modos asientos en pasta<br \/>\nSus numerosas caracter\u00edsticas har\u00e1n de la hora de juego un momento \u00fanico e inigualable. Diversi\u00f3n garantizada para padres e hijos. Cada dise\u00f1o es \u00fanico y pensado en hacer feliz a tu familia.<\/p>\n<p>Ll\u00e9valos y acomp\u00e1\u00f1alos en sus aventuras de la manera m\u00e1s c\u00f3moda y entretenida, no esperes m\u00e1s para darles experiencias de calidad.<\/p>\n<p>Una de las recomendaciones, despu\u00e9s de usar por primera vez, carga la bater\u00eda por lo menos 12 horas. Se debe cargar el carro apagado.<\/p>\n","protected":false},"excerpt":{"rendered":"<ul>\n<li> &#8211; Veh\u00edculo tipo UTV (todo terreno) <\/li>\n<li> &#8211; M\u00fasica, MP3, USB <\/li>\n<li> &#8211; Puertas funcionales <\/li>\n<li> &#8211; Colores: Negro y blanco <\/li>\n<li> &#8211; Color sujeto a disponibilidad <\/li>\n<\/ul>\n","protected":false},"featured_media":233909,"template":"","meta":{"_et_pb_use_builder":"","_et_pb_old_content":"","_et_gb_content_width":""},"product_brand":[],"product_cat":[72,63],"product_tag":[],"class_list":{"0":"post-233915","1":"product","2":"type-product","3":"status-publish","4":"has-post-thumbnail","6":"product_cat-carros-de-bateria","7":"product_cat-jugueteria","9":"first","10":"outofstock","11":"taxable","12":"shipping-taxable","13":"purchasable","14":"product-type-simple"},"_links":{"self":[{"href":"https:\/\/www.almacenflotablanca.com\/web\/wp-json\/wp\/v2\/product\/233915","targetHints":{"allow":["GET"]}}],"collection":[{"href":"https:\/\/www.almacenflotablanca.com\/web\/wp-json\/wp\/v2\/product"}],"about":[{"href":"https:\/\/www.almacenflotablanca.com\/web\/wp-json\/wp\/v2\/types\/product"}],"wp:featuredmedia":[{"embeddable":true,"href":"https:\/\/www.almacenflotablanca.com\/web\/wp-json\/wp\/v2\/media\/233909"}],"wp:attachment":[{"href":"https:\/\/www.almacenflotablanca.com\/web\/wp-json\/wp\/v2\/media?parent=233915"}],"wp:term":[{"taxonomy":"product_brand","embeddable":true,"href":"https:\/\/www.almacenflotablanca.com\/web\/wp-json\/wp\/v2\/product_brand?post=233915"},{"taxonomy":"product_cat","embeddable":true,"href":"https:\/\/www.almacenflotablanca.com\/web\/wp-json\/wp\/v2\/product_cat?post=233915"},{"taxonomy":"product_tag","embeddable":true,"href":"https:\/\/www.almacenflotablanca.com\/web\/wp-json\/wp\/v2\/product_tag?post=233915"}],"curies":[{"name":"wp","href":"https:\/\/api.w.org\/{rel}","templated":true}]}}