{"id":233932,"date":"2021-10-30T13:24:31","date_gmt":"2021-10-30T18:24:31","guid":{"rendered":"https:\/\/www.almacenflotablanca.com\/web\/producto\/motocicleta-electrica-para-ninos-roja\/"},"modified":"2026-04-15T16:12:05","modified_gmt":"2026-04-15T21:12:05","slug":"motocicleta-electrica-para-ninos-roja","status":"publish","type":"product","link":"https:\/\/www.almacenflotablanca.com\/web\/producto\/motocicleta-electrica-para-ninos-roja\/","title":{"rendered":"Motocicleta El\u00e9ctrica Para Ni\u00f1os Roja"},"content":{"rendered":"<p>Motocicleta El\u00e9ctrica Para Ni\u00f1os Roja, pedal el\u00e9ctrico controlado una de sus funciones son m\u00fasica, toma MP3, pantalla de energ\u00eda, con luces delanteras LED, con suspensi\u00f3n de rueda trasera trae un peque\u00f1o panel de mejora. Un motor, Bater\u00eda: 6V4A.<\/p>\n<p>Esta moto el\u00e9ctrica estilo todo terreno. Recomendada para ni\u00f1os de 3 a\u00f1os en adelante. Sonidos y Luces integrados para dar una experiencia como las motos de verdad, aceleraci\u00f3n pulsando el bot\u00f3n del manilar y frena al soltar el bot\u00f3n. Bater\u00eda recargable con una autonom\u00eda de 45 minutos. Sus ruedas todo terreno son ideales tanto para acera como para c\u00e9sped. Con 2 ruedas de base plana m\u00e1s 2 ruedas de apoyo.<\/p>\n","protected":false},"excerpt":{"rendered":"<p>Motocicleta El\u00e9ctrica Para Ni\u00f1os Roja, pedal el\u00e9ctrico controlado una de sus funciones son m\u00fasica, toma MP3, pantalla de energ\u00eda, con luces delanteras LED, con suspensi\u00f3n de rueda trasera trae un peque\u00f1o panel de mejora. Un motor, Bater\u00eda: 6V4A. Esta moto el\u00e9ctrica estilo todo terreno. Recomendada para ni\u00f1os de 3 a\u00f1os en adelante. Sonidos y Luces [&hellip;]<\/p>\n","protected":false},"featured_media":233921,"template":"","meta":{"_et_pb_use_builder":"","_et_pb_old_content":"","_et_gb_content_width":""},"product_brand":[],"product_cat":[63,77],"product_tag":[],"class_list":{"0":"post-233932","1":"product","2":"type-product","3":"status-publish","4":"has-post-thumbnail","6":"product_cat-jugueteria","7":"product_cat-motos-de-bateria","9":"first","10":"outofstock","11":"taxable","12":"shipping-taxable","13":"purchasable","14":"product-type-simple"},"_links":{"self":[{"href":"https:\/\/www.almacenflotablanca.com\/web\/wp-json\/wp\/v2\/product\/233932","targetHints":{"allow":["GET"]}}],"collection":[{"href":"https:\/\/www.almacenflotablanca.com\/web\/wp-json\/wp\/v2\/product"}],"about":[{"href":"https:\/\/www.almacenflotablanca.com\/web\/wp-json\/wp\/v2\/types\/product"}],"wp:featuredmedia":[{"embeddable":true,"href":"https:\/\/www.almacenflotablanca.com\/web\/wp-json\/wp\/v2\/media\/233921"}],"wp:attachment":[{"href":"https:\/\/www.almacenflotablanca.com\/web\/wp-json\/wp\/v2\/media?parent=233932"}],"wp:term":[{"taxonomy":"product_brand","embeddable":true,"href":"https:\/\/www.almacenflotablanca.com\/web\/wp-json\/wp\/v2\/product_brand?post=233932"},{"taxonomy":"product_cat","embeddable":true,"href":"https:\/\/www.almacenflotablanca.com\/web\/wp-json\/wp\/v2\/product_cat?post=233932"},{"taxonomy":"product_tag","embeddable":true,"href":"https:\/\/www.almacenflotablanca.com\/web\/wp-json\/wp\/v2\/product_tag?post=233932"}],"curies":[{"name":"wp","href":"https:\/\/api.w.org\/{rel}","templated":true}]}}