{"id":233994,"date":"2021-11-18T12:21:26","date_gmt":"2021-11-18T17:21:26","guid":{"rendered":"https:\/\/www.almacenflotablanca.com\/web\/producto\/caramanola-sport-fitness-500ml-multicolor\/"},"modified":"2026-04-15T16:11:55","modified_gmt":"2026-04-15T21:11:55","slug":"caramanola-sport-fitness-500ml-multicolor","status":"publish","type":"product","link":"https:\/\/www.almacenflotablanca.com\/web\/producto\/caramanola-sport-fitness-500ml-multicolor\/","title":{"rendered":"Carama\u00f1ola Sport Fitness 500ml Multicolor"},"content":{"rendered":"<p>Carama\u00f1ola Sport Fitness 500ml Multicolor, carama\u00f1ola Sport Fitness Botella Termo 500ml Mezclador colores surtidos,\u00a0Carama\u00f1ola en polietileno, envase semitransparente. V\u00e1lvula flexible F\u00e1cil de abrir Mezclador en acero Inoxidable. Har\u00e1 de tus d\u00edas de deporte m\u00e1s llevaderos, la tapa de cierre y boquilla de succi\u00f3n son c\u00f3modos y de f\u00e1cil uso. Olv\u00eddate de preocupaciones porque quede en la parte inferior tu prote\u00edna, ahora con tan solo una breve agitada tu prote\u00edna quedar\u00e1 perfectamente mezclada con el l\u00edquido. Su tama\u00f1o y agarre con relieve lo hace m\u00e1s pr\u00e1ctico para transportarlo.<\/p>\n","protected":false},"excerpt":{"rendered":"<ul>\n<li> &#8211; Capacidad de 500\u202fmm <\/li>\n<li> &#8211; 5 Colores diferentes <\/li>\n<li> &#8211; F\u00e1cil de abrir <\/li>\n<li> &#8211; M\u00e1s pr\u00e1ctico <\/li>\n<\/ul>\n","protected":false},"featured_media":235589,"template":"","meta":{"_et_pb_use_builder":"","_et_pb_old_content":"","_et_gb_content_width":""},"product_brand":[],"product_cat":[53,143],"product_tag":[],"class_list":{"0":"post-233994","1":"product","2":"type-product","3":"status-publish","4":"has-post-thumbnail","6":"product_cat-accesorios-deportivos","7":"product_cat-termos","9":"first","10":"instock","11":"taxable","12":"shipping-taxable","13":"purchasable","14":"product-type-simple"},"_links":{"self":[{"href":"https:\/\/www.almacenflotablanca.com\/web\/wp-json\/wp\/v2\/product\/233994","targetHints":{"allow":["GET"]}}],"collection":[{"href":"https:\/\/www.almacenflotablanca.com\/web\/wp-json\/wp\/v2\/product"}],"about":[{"href":"https:\/\/www.almacenflotablanca.com\/web\/wp-json\/wp\/v2\/types\/product"}],"wp:featuredmedia":[{"embeddable":true,"href":"https:\/\/www.almacenflotablanca.com\/web\/wp-json\/wp\/v2\/media\/235589"}],"wp:attachment":[{"href":"https:\/\/www.almacenflotablanca.com\/web\/wp-json\/wp\/v2\/media?parent=233994"}],"wp:term":[{"taxonomy":"product_brand","embeddable":true,"href":"https:\/\/www.almacenflotablanca.com\/web\/wp-json\/wp\/v2\/product_brand?post=233994"},{"taxonomy":"product_cat","embeddable":true,"href":"https:\/\/www.almacenflotablanca.com\/web\/wp-json\/wp\/v2\/product_cat?post=233994"},{"taxonomy":"product_tag","embeddable":true,"href":"https:\/\/www.almacenflotablanca.com\/web\/wp-json\/wp\/v2\/product_tag?post=233994"}],"curies":[{"name":"wp","href":"https:\/\/api.w.org\/{rel}","templated":true}]}}