{"id":234023,"date":"2021-11-23T11:03:42","date_gmt":"2021-11-23T16:03:42","guid":{"rendered":"https:\/\/www.almacenflotablanca.com\/web\/producto\/patineta-triciclo-three-wheeler\/"},"modified":"2026-04-15T16:11:50","modified_gmt":"2026-04-15T21:11:50","slug":"patineta-triciclo-three-wheeler","status":"publish","type":"product","link":"https:\/\/www.almacenflotablanca.com\/web\/producto\/patineta-triciclo-three-wheeler\/","title":{"rendered":"Patineta Triciclo Three Wheeler"},"content":{"rendered":"<p>Patineta Triciclo Three Wheeler, Three Wheeler grande para ni\u00f1os y ni\u00f1as de 6 a\u00f1os en adelante, color fucsia morado, diversi\u00f3n sin l\u00edmites mientras se ejercitan, no requiere cadenas ni bater\u00edas ni pedales, se mueve solo con el movimiento de los pies, desarrolla la coordinaci\u00f3n psicomotriz de los ni\u00f1os y ni\u00f1as, llantas en silicona con 4 luces (roja, verde, amarilla y azul) que alumbran al girar, dise\u00f1o innovador con centro de gravedad bajo para mayor estabilidad, su espaldar removible permite que sea muy f\u00e1cil de transportar y de guardar, pr\u00e1ctico, divertido y c\u00f3modo, novedoso sistema de desplazamiento, lo \u00faltimo en juguetes de ruedas, no se requiere tener equilibrio, usar casco y equipo de protecci\u00f3n.<\/p>\n","protected":false},"excerpt":{"rendered":"<ul>\n<li> &#8211; Freno de mano al lado derecho <\/li>\n<li> &#8211; Mangos de caucho en la direcci\u00f3n y en los descansa manos\u00a0 <\/li>\n<li> &#8211; Edad de 6 a\u00f1os en adelante <\/li>\n<li> &#8211; Silla en lona <\/li>\n<\/ul>\n","protected":false},"featured_media":234653,"template":"","meta":{"_et_pb_use_builder":"","_et_pb_old_content":"","_et_gb_content_width":""},"product_brand":[],"product_cat":[63,97],"product_tag":[],"class_list":{"0":"post-234023","1":"product","2":"type-product","3":"status-publish","4":"has-post-thumbnail","6":"product_cat-jugueteria","7":"product_cat-triciclos","9":"first","10":"outofstock","11":"taxable","12":"shipping-taxable","13":"purchasable","14":"product-type-simple"},"_links":{"self":[{"href":"https:\/\/www.almacenflotablanca.com\/web\/wp-json\/wp\/v2\/product\/234023","targetHints":{"allow":["GET"]}}],"collection":[{"href":"https:\/\/www.almacenflotablanca.com\/web\/wp-json\/wp\/v2\/product"}],"about":[{"href":"https:\/\/www.almacenflotablanca.com\/web\/wp-json\/wp\/v2\/types\/product"}],"wp:featuredmedia":[{"embeddable":true,"href":"https:\/\/www.almacenflotablanca.com\/web\/wp-json\/wp\/v2\/media\/234653"}],"wp:attachment":[{"href":"https:\/\/www.almacenflotablanca.com\/web\/wp-json\/wp\/v2\/media?parent=234023"}],"wp:term":[{"taxonomy":"product_brand","embeddable":true,"href":"https:\/\/www.almacenflotablanca.com\/web\/wp-json\/wp\/v2\/product_brand?post=234023"},{"taxonomy":"product_cat","embeddable":true,"href":"https:\/\/www.almacenflotablanca.com\/web\/wp-json\/wp\/v2\/product_cat?post=234023"},{"taxonomy":"product_tag","embeddable":true,"href":"https:\/\/www.almacenflotablanca.com\/web\/wp-json\/wp\/v2\/product_tag?post=234023"}],"curies":[{"name":"wp","href":"https:\/\/api.w.org\/{rel}","templated":true}]}}