{"id":234043,"date":"2021-11-27T13:35:29","date_gmt":"2021-11-27T18:35:29","guid":{"rendered":"https:\/\/www.almacenflotablanca.com\/web\/producto\/bicicleta-nino-rin-20-tipo-moto-mrr-verde\/"},"modified":"2026-04-15T16:11:34","modified_gmt":"2026-04-15T21:11:34","slug":"bicicleta-nino-rin-20-tipo-moto-mrr-verde","status":"publish","type":"product","link":"https:\/\/www.almacenflotablanca.com\/web\/producto\/bicicleta-nino-rin-20-tipo-moto-mrr-verde\/","title":{"rendered":"Bicicleta Ni\u00f1o Rin 20 Tipo Moto Mrr Verde"},"content":{"rendered":"<p>Bicicleta Ni\u00f1o Rin 20 Tipo Moto Mrr Verde, bicicleta para ni\u00f1os con dise\u00f1o de moto, rin 20, silla con espaldar, guardacadena, espejos, guardabarros, ruedas auxiliares. Es ideal para aquellos traviesos extremos que disfrutan de pasear en bici, por cualquier tipo de terreno. Sill\u00edn acolchado que le da confort al pedalear, con cubrecadenas que protegen a tu peque\u00f1o de lastimarse con esta, a la vez que alejan la suciedad que la grasa pudiera dejar. Con ruedas auxiliares para los peque\u00f1os principiantes que est\u00e1n adquiriendo estabilidad, su sonido se acelere y dise\u00f1o tipo moto har\u00e1 que tu ni\u00f1o sienta la verdadera emoci\u00f3n sobre ruedas.<br \/>\nAdem\u00e1s, nuestras bicicletas proporcionan la resistencia que siempre has buscado en una bici, permiti\u00e9ndote recorrer cortas o largas distancias, As\u00ed que aprovecha esta oportunidad y ll\u00e9vate esta excelente bicicleta fabricada y ensamblada especialmente para ti.<\/p>\n","protected":false},"excerpt":{"rendered":"<ul>\n<li>&#8211; Material del Marco: Acero<\/li>\n<li>&#8211; Aros: Aluminio<\/li>\n<li>&#8211; Tipo de Freno: V-Brake<\/li>\n<li>&#8211; Edades: desde los 7 a\u00f1os en adelante<\/li>\n<li>&#8211; Colores: verde, azul, rojo<\/li>\n<\/ul>\n","protected":false},"featured_media":234039,"template":"","meta":{"_et_pb_use_builder":"","_et_pb_old_content":"","_et_gb_content_width":""},"product_brand":[],"product_cat":[74,64],"product_tag":[],"class_list":{"0":"post-234043","1":"product","2":"type-product","3":"status-publish","4":"has-post-thumbnail","6":"product_cat-bicicletas","7":"product_cat-bicicletas-infantiles","9":"first","10":"outofstock","11":"taxable","12":"shipping-taxable","13":"purchasable","14":"product-type-simple"},"_links":{"self":[{"href":"https:\/\/www.almacenflotablanca.com\/web\/wp-json\/wp\/v2\/product\/234043","targetHints":{"allow":["GET"]}}],"collection":[{"href":"https:\/\/www.almacenflotablanca.com\/web\/wp-json\/wp\/v2\/product"}],"about":[{"href":"https:\/\/www.almacenflotablanca.com\/web\/wp-json\/wp\/v2\/types\/product"}],"wp:featuredmedia":[{"embeddable":true,"href":"https:\/\/www.almacenflotablanca.com\/web\/wp-json\/wp\/v2\/media\/234039"}],"wp:attachment":[{"href":"https:\/\/www.almacenflotablanca.com\/web\/wp-json\/wp\/v2\/media?parent=234043"}],"wp:term":[{"taxonomy":"product_brand","embeddable":true,"href":"https:\/\/www.almacenflotablanca.com\/web\/wp-json\/wp\/v2\/product_brand?post=234043"},{"taxonomy":"product_cat","embeddable":true,"href":"https:\/\/www.almacenflotablanca.com\/web\/wp-json\/wp\/v2\/product_cat?post=234043"},{"taxonomy":"product_tag","embeddable":true,"href":"https:\/\/www.almacenflotablanca.com\/web\/wp-json\/wp\/v2\/product_tag?post=234043"}],"curies":[{"name":"wp","href":"https:\/\/api.w.org\/{rel}","templated":true}]}}