{"id":234047,"date":"2021-11-29T12:33:46","date_gmt":"2021-11-29T17:33:46","guid":{"rendered":"https:\/\/www.almacenflotablanca.com\/web\/producto\/bicicleta-princesa-rin-20-mrr-multicolor\/"},"modified":"2026-04-15T16:11:34","modified_gmt":"2026-04-15T21:11:34","slug":"bicicleta-princesa-rin-20-mrr-multicolor","status":"publish","type":"product","link":"https:\/\/www.almacenflotablanca.com\/web\/producto\/bicicleta-princesa-rin-20-mrr-multicolor\/","title":{"rendered":"Bicicleta Princesa Rin 20 Mrr Multicolor"},"content":{"rendered":"<p>Bicicleta Princesa Rin 20 Mrr Multicolor,  pensada en la comodidad, tambi\u00e9n ser\u00e1 perfecta para que desarrolle su motricidad y de esta manera ir mejorando su estabilidad, te ofrece gran seguridad gracias a su dise\u00f1o de frenos. Es completamente acolchada para que tu ni\u00f1a se sienta c\u00f3moda, maneja un timbre en la parte del volante, podr\u00e1s adaptar el sill\u00edn a la medida que desees. Incluye: llantas auxiliares con luces, canasta, silla para la mu\u00f1eca, guardadena, guardaradios, guardabarros, timbre, flecos y tablero con luces y sonidos.<\/p>\n<p>Adem\u00e1s, nuestras bicicletas proporcionan la resistencia que siempre has buscado en una bici, permiti\u00e9ndote recorrer cortas o largas distancias, As\u00ed que aprovecha esta oportunidad y ll\u00e9vate esta excelente bicicleta fabricada y ensamblada especialmente para ti.<\/p>\n","protected":false},"excerpt":{"rendered":"<ul>\n<li> &#8211; Material del Marco: Acero <\/li>\n<li> &#8211; Tipo de Freno: V-Brake <\/li>\n<li> &#8211; Edad apropiada: desde los 7 a\u00f1os en adelante <\/li>\n<li> &#8211; Colores: verde menta y rosada <\/li>\n<\/ul>\n","protected":false},"featured_media":234044,"template":"","meta":{"_et_pb_use_builder":"","_et_pb_old_content":"","_et_gb_content_width":""},"product_brand":[],"product_cat":[74,64],"product_tag":[],"class_list":{"0":"post-234047","1":"product","2":"type-product","3":"status-publish","4":"has-post-thumbnail","6":"product_cat-bicicletas","7":"product_cat-bicicletas-infantiles","9":"first","10":"outofstock","11":"taxable","12":"shipping-taxable","13":"purchasable","14":"product-type-simple"},"_links":{"self":[{"href":"https:\/\/www.almacenflotablanca.com\/web\/wp-json\/wp\/v2\/product\/234047","targetHints":{"allow":["GET"]}}],"collection":[{"href":"https:\/\/www.almacenflotablanca.com\/web\/wp-json\/wp\/v2\/product"}],"about":[{"href":"https:\/\/www.almacenflotablanca.com\/web\/wp-json\/wp\/v2\/types\/product"}],"wp:featuredmedia":[{"embeddable":true,"href":"https:\/\/www.almacenflotablanca.com\/web\/wp-json\/wp\/v2\/media\/234044"}],"wp:attachment":[{"href":"https:\/\/www.almacenflotablanca.com\/web\/wp-json\/wp\/v2\/media?parent=234047"}],"wp:term":[{"taxonomy":"product_brand","embeddable":true,"href":"https:\/\/www.almacenflotablanca.com\/web\/wp-json\/wp\/v2\/product_brand?post=234047"},{"taxonomy":"product_cat","embeddable":true,"href":"https:\/\/www.almacenflotablanca.com\/web\/wp-json\/wp\/v2\/product_cat?post=234047"},{"taxonomy":"product_tag","embeddable":true,"href":"https:\/\/www.almacenflotablanca.com\/web\/wp-json\/wp\/v2\/product_tag?post=234047"}],"curies":[{"name":"wp","href":"https:\/\/api.w.org\/{rel}","templated":true}]}}