{"id":234098,"date":"2021-12-09T10:49:34","date_gmt":"2021-12-09T15:49:34","guid":{"rendered":"https:\/\/www.almacenflotablanca.com\/web\/producto\/bicicleta-rin-12-bugs-con-kit-drigom-gw-multicolor\/"},"modified":"2026-04-15T16:12:17","modified_gmt":"2026-04-15T21:12:17","slug":"bicicleta-rin-12-bugs-con-kit-drigom-gw-multicolor","status":"publish","type":"product","link":"https:\/\/www.almacenflotablanca.com\/web\/producto\/bicicleta-rin-12-bugs-con-kit-drigom-gw-multicolor\/","title":{"rendered":"Bicicleta Rin 12 Gw Bugs Rosada"},"content":{"rendered":"<p>Bicicleta Rin 12 Gw Bugs Rosada<br \/>\nBicicleta para ni\u00f1a con canasta, guardacadena, ruedas auxiliares. Edad recomendada de los 2 a los 4 a\u00f1os.<br \/>\nMarco en acero con caja peque\u00f1a<br \/>\nTenedor en acero con espigo de rosca<br \/>\nCodo bmx en acero<br \/>\nDirecci\u00f3n tipo bmx en acero<br \/>\nSistema de freno v-brake en resina<br \/>\nRelaci\u00f3n en acero 28t<br \/>\nPi\u00f1\u00f3n marr\u00f3n 16t<br \/>\nManzana en acero<br \/>\nAros en aluminio, Llantas de color<br \/>\nPedales en resina<\/p>\n","protected":false},"excerpt":{"rendered":"<ul>\n<li> -Relaci\u00f3n en acero 28t <\/li>\n<li> -Pi\u00f1\u00f3n marr\u00f3n 16t <\/li>\n<li> -Manzana en acero <\/li>\n<\/ul>\n","protected":false},"featured_media":236647,"template":"","meta":{"_et_pb_use_builder":"","_et_pb_old_content":"","_et_gb_content_width":""},"product_brand":[],"product_cat":[74,64],"product_tag":[],"class_list":{"0":"post-234098","1":"product","2":"type-product","3":"status-publish","4":"has-post-thumbnail","6":"product_cat-bicicletas","7":"product_cat-bicicletas-infantiles","9":"first","10":"outofstock","11":"taxable","12":"shipping-taxable","13":"purchasable","14":"product-type-simple"},"_links":{"self":[{"href":"https:\/\/www.almacenflotablanca.com\/web\/wp-json\/wp\/v2\/product\/234098","targetHints":{"allow":["GET"]}}],"collection":[{"href":"https:\/\/www.almacenflotablanca.com\/web\/wp-json\/wp\/v2\/product"}],"about":[{"href":"https:\/\/www.almacenflotablanca.com\/web\/wp-json\/wp\/v2\/types\/product"}],"wp:featuredmedia":[{"embeddable":true,"href":"https:\/\/www.almacenflotablanca.com\/web\/wp-json\/wp\/v2\/media\/236647"}],"wp:attachment":[{"href":"https:\/\/www.almacenflotablanca.com\/web\/wp-json\/wp\/v2\/media?parent=234098"}],"wp:term":[{"taxonomy":"product_brand","embeddable":true,"href":"https:\/\/www.almacenflotablanca.com\/web\/wp-json\/wp\/v2\/product_brand?post=234098"},{"taxonomy":"product_cat","embeddable":true,"href":"https:\/\/www.almacenflotablanca.com\/web\/wp-json\/wp\/v2\/product_cat?post=234098"},{"taxonomy":"product_tag","embeddable":true,"href":"https:\/\/www.almacenflotablanca.com\/web\/wp-json\/wp\/v2\/product_tag?post=234098"}],"curies":[{"name":"wp","href":"https:\/\/api.w.org\/{rel}","templated":true}]}}