{"id":234102,"date":"2021-12-09T11:37:01","date_gmt":"2021-12-09T16:37:01","guid":{"rendered":"https:\/\/www.almacenflotablanca.com\/web\/producto\/bicicleta-rin-16-radius-sprint-negra\/"},"modified":"2026-04-15T16:12:15","modified_gmt":"2026-04-15T21:12:15","slug":"bicicleta-rin-16-radius-sprint-negra","status":"publish","type":"product","link":"https:\/\/www.almacenflotablanca.com\/web\/producto\/bicicleta-rin-16-radius-sprint-negra\/","title":{"rendered":"Bicicleta Rin 16 Radius Sprint Negra"},"content":{"rendered":"<p>Bicicleta Rin 16 Radius Sprint Negra, ideal para aquellos traviesos extremos que disfrutan de pasear en bici por los terrenos m\u00e1s dificultosos. Con cubrecadenas que protegen a tu peque\u00f1o de lastimarse con esta, a la vez que alejan la suciedad que la grasa pudiera dejar. Con reflectivos que protegen a tu ni\u00f1o de los peligros de las calles, a la vez que alejan la suciedad que la grasa pudiera dejar. Con reflectivos que protegen a tu ni\u00f1o de los peligros de las calles.<br \/>\nAdem\u00e1s, nuestras bicicletas proporcionan la resistencia que siempre has buscado en una bici, permiti\u00e9ndote recorrer cortas o largas distancias, As\u00ed que aprovecha esta oportunidad y ll\u00e9vate esta excelente bicicleta fabricada y ensamblada especialmente para ti.<\/p>\n","protected":false},"excerpt":{"rendered":"<ul>\n<li> &#8211; Marco en acero <\/li>\n<li> &#8211; Sistema de freno: v-brake <\/li>\n<li> &#8211; Ruedas auxiliares <\/li>\n<li> &#8211; Edad apropiada: desde los 4 a\u00f1os hasta 6 a\u00f1os <\/li>\n<li> &#8211; Colores: rojo, verde <\/li>\n<\/ul>\n","protected":false},"featured_media":234099,"template":"","meta":{"_et_pb_use_builder":"","_et_pb_old_content":"","_et_gb_content_width":""},"product_brand":[],"product_cat":[74,64],"product_tag":[],"class_list":{"0":"post-234102","1":"product","2":"type-product","3":"status-publish","4":"has-post-thumbnail","6":"product_cat-bicicletas","7":"product_cat-bicicletas-infantiles","9":"first","10":"outofstock","11":"taxable","12":"shipping-taxable","13":"purchasable","14":"product-type-simple"},"_links":{"self":[{"href":"https:\/\/www.almacenflotablanca.com\/web\/wp-json\/wp\/v2\/product\/234102","targetHints":{"allow":["GET"]}}],"collection":[{"href":"https:\/\/www.almacenflotablanca.com\/web\/wp-json\/wp\/v2\/product"}],"about":[{"href":"https:\/\/www.almacenflotablanca.com\/web\/wp-json\/wp\/v2\/types\/product"}],"wp:featuredmedia":[{"embeddable":true,"href":"https:\/\/www.almacenflotablanca.com\/web\/wp-json\/wp\/v2\/media\/234099"}],"wp:attachment":[{"href":"https:\/\/www.almacenflotablanca.com\/web\/wp-json\/wp\/v2\/media?parent=234102"}],"wp:term":[{"taxonomy":"product_brand","embeddable":true,"href":"https:\/\/www.almacenflotablanca.com\/web\/wp-json\/wp\/v2\/product_brand?post=234102"},{"taxonomy":"product_cat","embeddable":true,"href":"https:\/\/www.almacenflotablanca.com\/web\/wp-json\/wp\/v2\/product_cat?post=234102"},{"taxonomy":"product_tag","embeddable":true,"href":"https:\/\/www.almacenflotablanca.com\/web\/wp-json\/wp\/v2\/product_tag?post=234102"}],"curies":[{"name":"wp","href":"https:\/\/api.w.org\/{rel}","templated":true}]}}