{"id":234111,"date":"2021-12-13T12:01:31","date_gmt":"2021-12-13T17:01:31","guid":{"rendered":"https:\/\/www.almacenflotablanca.com\/web\/producto\/patineta-scooter-ruedas-de-humo-azul\/"},"modified":"2026-04-15T16:11:36","modified_gmt":"2026-04-15T21:11:36","slug":"patineta-scooter-ruedas-de-humo-azul","status":"publish","type":"product","link":"https:\/\/www.almacenflotablanca.com\/web\/producto\/patineta-scooter-ruedas-de-humo-azul\/","title":{"rendered":"Patineta Scooter Ruedas De Humo Azul"},"content":{"rendered":"<p>Patineta Scooter Ruedas De Humo Azul, Patineta con estructura en acero, plataforma en pasta de alta resistencia, llantas con luces, freno trasero, turbinas lanza humo con luces, direcci\u00f3n con altura ajustable. Este fabuloso scooter le da un nuevo significado a patinar, est\u00e1 dise\u00f1ado con dos turbinas que lanzar\u00e1n \u201chumo\u201d, basta con presionar el bot\u00f3n y se activar\u00e1 el \u201ccohete\u201d, nada m\u00e1s divertido para un ni\u00f1o que la sensaci\u00f3n de un despegue \u00fanico y espectacular.<br \/>\nEsta patineta tus hijos se divertir\u00e1n como nunca, sencilla y f\u00e1cil de usar, tiene bluetooth incorporado para que escuchen la m\u00fasica que deseen mientras patinan, luces traseras en las turbinas y en las ruedas delanteras. Agrega un poco de agua en las turbinas y tendr\u00e1s humo espectacular, como si volaras, es ideal como regalo de cumplea\u00f1os o navidad, el regalo que todo ni\u00f1o o ni\u00f1a.<\/p>\n","protected":false},"excerpt":{"rendered":"<p>Patineta Scooter Ruedas De Humo Azul, Patineta con estructura en acero, plataforma en pasta de alta resistencia, llantas con luces, freno trasero, turbinas lanza humo con luces, direcci\u00f3n con altura ajustable. Este fabuloso scooter le da un nuevo significado a patinar, est\u00e1 dise\u00f1ado con dos turbinas que lanzar\u00e1n \u201chumo\u201d, basta con presionar el bot\u00f3n y [&hellip;]<\/p>\n","protected":false},"featured_media":234107,"template":"","meta":{"_et_pb_use_builder":"","_et_pb_old_content":"","_et_gb_content_width":""},"product_brand":[],"product_cat":[63,60],"product_tag":[],"class_list":{"0":"post-234111","1":"product","2":"type-product","3":"status-publish","4":"has-post-thumbnail","6":"product_cat-jugueteria","7":"product_cat-patinetas","9":"first","10":"instock","11":"taxable","12":"shipping-taxable","13":"purchasable","14":"product-type-simple"},"_links":{"self":[{"href":"https:\/\/www.almacenflotablanca.com\/web\/wp-json\/wp\/v2\/product\/234111","targetHints":{"allow":["GET"]}}],"collection":[{"href":"https:\/\/www.almacenflotablanca.com\/web\/wp-json\/wp\/v2\/product"}],"about":[{"href":"https:\/\/www.almacenflotablanca.com\/web\/wp-json\/wp\/v2\/types\/product"}],"wp:featuredmedia":[{"embeddable":true,"href":"https:\/\/www.almacenflotablanca.com\/web\/wp-json\/wp\/v2\/media\/234107"}],"wp:attachment":[{"href":"https:\/\/www.almacenflotablanca.com\/web\/wp-json\/wp\/v2\/media?parent=234111"}],"wp:term":[{"taxonomy":"product_brand","embeddable":true,"href":"https:\/\/www.almacenflotablanca.com\/web\/wp-json\/wp\/v2\/product_brand?post=234111"},{"taxonomy":"product_cat","embeddable":true,"href":"https:\/\/www.almacenflotablanca.com\/web\/wp-json\/wp\/v2\/product_cat?post=234111"},{"taxonomy":"product_tag","embeddable":true,"href":"https:\/\/www.almacenflotablanca.com\/web\/wp-json\/wp\/v2\/product_tag?post=234111"}],"curies":[{"name":"wp","href":"https:\/\/api.w.org\/{rel}","templated":true}]}}