{"id":234116,"date":"2021-12-13T12:46:00","date_gmt":"2021-12-13T17:46:00","guid":{"rendered":"https:\/\/www.almacenflotablanca.com\/web\/producto\/patineta-scooter-espacio-de-humo-naranja\/"},"modified":"2026-04-15T16:11:36","modified_gmt":"2026-04-15T21:11:36","slug":"patineta-scooter-espacio-de-humo-naranja","status":"publish","type":"product","link":"https:\/\/www.almacenflotablanca.com\/web\/producto\/patineta-scooter-espacio-de-humo-naranja\/","title":{"rendered":"Patineta Scooter Espacio De Humo Naranja"},"content":{"rendered":"<p>Patineta Scooter Espacio De Humo Naranja, patineta con estructura en acero, plataforma en pasta de alta resistencia, llantas con luces, freno trasero, turbinas lanza humo con luces, direcci\u00f3n con altura ajustable, luces graduable con esta patineta tus hijos se divertir\u00e1n como nunca, sencilla y f\u00e1cil de usar, tiene bluetooth incorporado para que escuchen la m\u00fasica que deseen mientras patinan, luces traseras en las turbinas y en las ruedas delanteras. Agrega un poco de agua en las turbinas y tendr\u00e1s humo espectacular, como si volaras, es ideal como regalo de cumplea\u00f1os o navidad, el regalo que todo ni\u00f1o o ni\u00f1a.<\/p>\n","protected":false},"excerpt":{"rendered":"<p>Patineta Scooter Espacio De Humo Naranja, patineta con estructura en acero, plataforma en pasta de alta resistencia, llantas con luces, freno trasero, turbinas lanza humo con luces, direcci\u00f3n con altura ajustable, luces graduable con esta patineta tus hijos se divertir\u00e1n como nunca, sencilla y f\u00e1cil de usar, tiene bluetooth incorporado para que escuchen la m\u00fasica [&hellip;]<\/p>\n","protected":false},"featured_media":234112,"template":"","meta":{"_et_pb_use_builder":"","_et_pb_old_content":"","_et_gb_content_width":""},"product_brand":[],"product_cat":[63,60],"product_tag":[],"class_list":{"0":"post-234116","1":"product","2":"type-product","3":"status-publish","4":"has-post-thumbnail","6":"product_cat-jugueteria","7":"product_cat-patinetas","9":"first","10":"instock","11":"taxable","12":"shipping-taxable","13":"purchasable","14":"product-type-simple"},"_links":{"self":[{"href":"https:\/\/www.almacenflotablanca.com\/web\/wp-json\/wp\/v2\/product\/234116","targetHints":{"allow":["GET"]}}],"collection":[{"href":"https:\/\/www.almacenflotablanca.com\/web\/wp-json\/wp\/v2\/product"}],"about":[{"href":"https:\/\/www.almacenflotablanca.com\/web\/wp-json\/wp\/v2\/types\/product"}],"wp:featuredmedia":[{"embeddable":true,"href":"https:\/\/www.almacenflotablanca.com\/web\/wp-json\/wp\/v2\/media\/234112"}],"wp:attachment":[{"href":"https:\/\/www.almacenflotablanca.com\/web\/wp-json\/wp\/v2\/media?parent=234116"}],"wp:term":[{"taxonomy":"product_brand","embeddable":true,"href":"https:\/\/www.almacenflotablanca.com\/web\/wp-json\/wp\/v2\/product_brand?post=234116"},{"taxonomy":"product_cat","embeddable":true,"href":"https:\/\/www.almacenflotablanca.com\/web\/wp-json\/wp\/v2\/product_cat?post=234116"},{"taxonomy":"product_tag","embeddable":true,"href":"https:\/\/www.almacenflotablanca.com\/web\/wp-json\/wp\/v2\/product_tag?post=234116"}],"curies":[{"name":"wp","href":"https:\/\/api.w.org\/{rel}","templated":true}]}}