{"id":234128,"date":"2021-12-14T11:05:32","date_gmt":"2021-12-14T16:05:32","guid":{"rendered":"https:\/\/www.almacenflotablanca.com\/web\/producto\/patineta-montable-5-en-1-scooter-multicolor\/"},"modified":"2026-04-15T16:11:29","modified_gmt":"2026-04-15T21:11:29","slug":"patineta-montable-5-en-1-scooter-multicolor","status":"publish","type":"product","link":"https:\/\/www.almacenflotablanca.com\/web\/producto\/patineta-montable-5-en-1-scooter-multicolor\/","title":{"rendered":"Patineta Montable 5 en 1 Scooter Multicolor"},"content":{"rendered":"<p>Patineta Montable 5 en 1 Scooter Multicolor, Ideal para ni\u00f1os, hermosa, con dise\u00f1o \u00fanico, muy segura. Cuenta con 3 ruedas de poliuretano que alumbran al andar, lo m\u00e1s exclusivo de esta hermosa patineta, es que trae una sillita ajustable entre alturas diferentes y removible cuando as\u00ed se quiera, ideal para los m\u00e1s peque\u00f1os de casa. Patineta 5 en 1, 3 ruedas scooter ni\u00f1os multiusos luces led<br \/>\ncon esta patineta tus hijos se divertir\u00e1n como nunca, sencilla y f\u00e1cil de usar, el manubrio tiene goma para mayor comodidad, es graduable seg\u00fan la altura del ni\u00f1o, est\u00e1 fabricada con materiales de alta calidad y resistentes, tiene 3 ruedas que ayudan al equilibrio.<\/p>\n","protected":false},"excerpt":{"rendered":"<ul>\n<li> &#8211; Elaborada en aluminio <\/li>\n<li> &#8211; Incluye canasta <\/li>\n<li> &#8211; Tiene espaldar y manija para llevar <\/li>\n<li> &#8211; Plegable, f\u00e1cil de guardar y llevar <\/li>\n<\/ul>\n","protected":false},"featured_media":234122,"template":"","meta":{"_et_pb_use_builder":"","_et_pb_old_content":"","_et_gb_content_width":""},"product_brand":[],"product_cat":[63,60],"product_tag":[],"class_list":{"0":"post-234128","1":"product","2":"type-product","3":"status-publish","4":"has-post-thumbnail","6":"product_cat-jugueteria","7":"product_cat-patinetas","9":"first","10":"outofstock","11":"taxable","12":"shipping-taxable","13":"purchasable","14":"product-type-simple"},"_links":{"self":[{"href":"https:\/\/www.almacenflotablanca.com\/web\/wp-json\/wp\/v2\/product\/234128","targetHints":{"allow":["GET"]}}],"collection":[{"href":"https:\/\/www.almacenflotablanca.com\/web\/wp-json\/wp\/v2\/product"}],"about":[{"href":"https:\/\/www.almacenflotablanca.com\/web\/wp-json\/wp\/v2\/types\/product"}],"wp:featuredmedia":[{"embeddable":true,"href":"https:\/\/www.almacenflotablanca.com\/web\/wp-json\/wp\/v2\/media\/234122"}],"wp:attachment":[{"href":"https:\/\/www.almacenflotablanca.com\/web\/wp-json\/wp\/v2\/media?parent=234128"}],"wp:term":[{"taxonomy":"product_brand","embeddable":true,"href":"https:\/\/www.almacenflotablanca.com\/web\/wp-json\/wp\/v2\/product_brand?post=234128"},{"taxonomy":"product_cat","embeddable":true,"href":"https:\/\/www.almacenflotablanca.com\/web\/wp-json\/wp\/v2\/product_cat?post=234128"},{"taxonomy":"product_tag","embeddable":true,"href":"https:\/\/www.almacenflotablanca.com\/web\/wp-json\/wp\/v2\/product_tag?post=234128"}],"curies":[{"name":"wp","href":"https:\/\/api.w.org\/{rel}","templated":true}]}}