{"id":234181,"date":"2021-12-17T11:05:48","date_gmt":"2021-12-17T16:05:48","guid":{"rendered":"https:\/\/www.almacenflotablanca.com\/web\/producto\/triciclo-nina-princess-gw-multicolor\/"},"modified":"2026-04-15T16:10:42","modified_gmt":"2026-04-15T21:10:42","slug":"triciclo-nina-princess-gw-multicolor","status":"publish","type":"product","link":"https:\/\/www.almacenflotablanca.com\/web\/producto\/triciclo-nina-princess-gw-multicolor\/","title":{"rendered":"Triciclo Ni\u00f1a Princess Gw Multicolor"},"content":{"rendered":"<p>Triciclo Ni\u00f1a Princess Gw Multicolor, Siempre como padres buscando la forma de hacer felices a nuestros hijos, buscando seguridad, transporte, diversi\u00f3n, equilibrio, facilidad, un menor podr\u00e1 desarrollar equilibrio, agilidad, rendimiento, desarrollo motriz y f\u00edsico, adquiriendo las habilidades necesarias a sus primeros a\u00f1os de vida, habilidades que podr\u00e1n ser \u00fatiles en el momento que pase a otro nivel de la bicicleta, pasara con ello aquellas habilidades aprendidas en triciclo de 3 ruedas.<br \/>\nIdeal para que los ni\u00f1os de 2 a 7 a\u00f1os aprendan a deslizarse y dar pedal, aporta seguridad al ni\u00f1o, le ayuda a ser estable. No es apto para superficies lisas. Material de acero con las llantas en pl\u00e1stico espumado y Rin pl\u00e1stico.<\/p>\n","protected":false},"excerpt":{"rendered":"<p>Triciclo Ni\u00f1a Princess Gw Multicolor, Siempre como padres buscando la forma de hacer felices a nuestros hijos, buscando seguridad, transporte, diversi\u00f3n, equilibrio, facilidad, un menor podr\u00e1 desarrollar equilibrio, agilidad, rendimiento, desarrollo motriz y f\u00edsico, adquiriendo las habilidades necesarias a sus primeros a\u00f1os de vida, habilidades que podr\u00e1n ser \u00fatiles en el momento que pase a [&hellip;]<\/p>\n","protected":false},"featured_media":234771,"template":"","meta":{"_et_pb_use_builder":"","_et_pb_old_content":"","_et_gb_content_width":""},"product_brand":[],"product_cat":[63,97],"product_tag":[],"class_list":{"0":"post-234181","1":"product","2":"type-product","3":"status-publish","4":"has-post-thumbnail","6":"product_cat-jugueteria","7":"product_cat-triciclos","9":"first","10":"outofstock","11":"taxable","12":"shipping-taxable","13":"purchasable","14":"product-type-simple"},"_links":{"self":[{"href":"https:\/\/www.almacenflotablanca.com\/web\/wp-json\/wp\/v2\/product\/234181","targetHints":{"allow":["GET"]}}],"collection":[{"href":"https:\/\/www.almacenflotablanca.com\/web\/wp-json\/wp\/v2\/product"}],"about":[{"href":"https:\/\/www.almacenflotablanca.com\/web\/wp-json\/wp\/v2\/types\/product"}],"wp:featuredmedia":[{"embeddable":true,"href":"https:\/\/www.almacenflotablanca.com\/web\/wp-json\/wp\/v2\/media\/234771"}],"wp:attachment":[{"href":"https:\/\/www.almacenflotablanca.com\/web\/wp-json\/wp\/v2\/media?parent=234181"}],"wp:term":[{"taxonomy":"product_brand","embeddable":true,"href":"https:\/\/www.almacenflotablanca.com\/web\/wp-json\/wp\/v2\/product_brand?post=234181"},{"taxonomy":"product_cat","embeddable":true,"href":"https:\/\/www.almacenflotablanca.com\/web\/wp-json\/wp\/v2\/product_cat?post=234181"},{"taxonomy":"product_tag","embeddable":true,"href":"https:\/\/www.almacenflotablanca.com\/web\/wp-json\/wp\/v2\/product_tag?post=234181"}],"curies":[{"name":"wp","href":"https:\/\/api.w.org\/{rel}","templated":true}]}}